{"id":2069,"date":"2025-11-07T10:43:41","date_gmt":"2025-11-07T10:43:41","guid":{"rendered":"https:\/\/quantum.hitexis.com\/?post_type=product&#038;p=2069"},"modified":"2025-12-03T14:45:27","modified_gmt":"2025-12-03T14:45:27","slug":"histologijas-reagenti-un-piederumi","status":"publish","type":"product","link":"https:\/\/quantum.hitexis.com\/en\/product\/histologijas-reagenti-un-piederumi\/","title":{"rendered":"Histology reagents and supplies"},"content":{"rendered":"<p>Milestone ir ap\u0146\u0113mies nodro\u0161in\u0101t dro\u0161\u0101ku un videi draudz\u012bg\u0101ku vidi, izmantojot rea\u0123entus un proced\u016bras, kas nov\u0113r\u0161 toksisku vielu iedarb\u012bbu. Pla\u0161s pal\u012bgmateri\u0101lu kl\u0101sts ir izstr\u0101d\u0101ts, lai papildin\u0101tu un optimiz\u0113tu m\u016bsu modern\u0101ko instrumentu veiktsp\u0113ju.<\/p>\n<blockquote class=\"wp-embedded-content\" data-secret=\"1bkqLJwYUf\"><p><a href=\"https:\/\/www.milestonemedsrl.com\/products\/reagents\/\">Reagents<\/a><\/p><\/blockquote>\n<p><iframe class=\"wp-embedded-content\" sandbox=\"allow-scripts\" security=\"restricted\" style=\"position: absolute; visibility: hidden;\" title=\"&#8220;Reagents&#8221; &#8212; Worldwide\" src=\"https:\/\/www.milestonemedsrl.com\/products\/reagents\/embed\/#?secret=wjnyBiGA1s#?secret=1bkqLJwYUf\" data-secret=\"1bkqLJwYUf\" width=\"600\" height=\"338\" frameborder=\"0\" marginwidth=\"0\" marginheight=\"0\" scrolling=\"no\"><\/iframe><\/p>","protected":false},"excerpt":{"rendered":"<p>Milestone ir ap\u0146\u0113mies nodro\u0161in\u0101t dro\u0161\u0101ku un videi draudz\u012bg\u0101ku vidi, izmantojot rea\u0123entus un proced\u016bras, kas nov\u0113r\u0161 toksisku vielu iedarb\u012bbu. Pla\u0161s pal\u012bgmateri\u0101lu kl\u0101sts ir izstr\u0101d\u0101ts, lai papildin\u0101tu un optimiz\u0113tu m\u016bsu modern\u0101ko instrumentu veiktsp\u0113ju. Reagents<\/p>","protected":false},"featured_media":2297,"comment_status":"closed","ping_status":"closed","template":"","meta":[],"product_brand":[],"product_cat":[87],"product_tag":[],"class_list":{"0":"post-2069","1":"product","2":"type-product","3":"status-publish","4":"has-post-thumbnail","6":"product_cat-histologijas-instrumenti-un-reagenti","8":"first","9":"instock","10":"shipping-taxable","11":"product-type-simple"},"_links":{"self":[{"href":"https:\/\/quantum.hitexis.com\/en\/wp-json\/wp\/v2\/product\/2069","targetHints":{"allow":["GET"]}}],"collection":[{"href":"https:\/\/quantum.hitexis.com\/en\/wp-json\/wp\/v2\/product"}],"about":[{"href":"https:\/\/quantum.hitexis.com\/en\/wp-json\/wp\/v2\/types\/product"}],"replies":[{"embeddable":true,"href":"https:\/\/quantum.hitexis.com\/en\/wp-json\/wp\/v2\/comments?post=2069"}],"wp:featuredmedia":[{"embeddable":true,"href":"https:\/\/quantum.hitexis.com\/en\/wp-json\/wp\/v2\/media\/2297"}],"wp:attachment":[{"href":"https:\/\/quantum.hitexis.com\/en\/wp-json\/wp\/v2\/media?parent=2069"}],"wp:term":[{"taxonomy":"product_brand","embeddable":true,"href":"https:\/\/quantum.hitexis.com\/en\/wp-json\/wp\/v2\/product_brand?post=2069"},{"taxonomy":"product_cat","embeddable":true,"href":"https:\/\/quantum.hitexis.com\/en\/wp-json\/wp\/v2\/product_cat?post=2069"},{"taxonomy":"product_tag","embeddable":true,"href":"https:\/\/quantum.hitexis.com\/en\/wp-json\/wp\/v2\/product_tag?post=2069"}],"curies":[{"name":"wp","href":"https:\/\/api.w.org\/{rel}","templated":true}]}}