{"id":2067,"date":"2025-11-07T10:43:00","date_gmt":"2025-11-07T10:43:00","guid":{"rendered":"https:\/\/quantum.hitexis.com\/?post_type=product&#038;p=2067"},"modified":"2025-12-03T14:45:44","modified_gmt":"2025-12-03T14:45:44","slug":"paraugu-vakuumesanas-iekartas","status":"publish","type":"product","link":"https:\/\/quantum.hitexis.com\/en\/product\/paraugu-vakuumesanas-iekartas\/","title":{"rendered":"Sample vacuuming equipment"},"content":{"rendered":"<p>Inovat\u012bvi risin\u0101jumi, lai nov\u0113rstu operatoru saskari ar formal\u012bnu. Standartiz\u0113ti un dokument\u0113ti procesi biolo\u0123isko paraugu sav\u0101k\u0161anai oper\u0101ciju z\u0101l\u0113 un transport\u0113\u0161anai.<\/p>\n<blockquote class=\"wp-embedded-content\" data-secret=\"TIjqCgRB6w\"><p><a href=\"https:\/\/www.milestonemedsrl.com\/products\/safe-formalin-handling\/\">Safe Formalin Handling<\/a><\/p><\/blockquote>\n<p><iframe class=\"wp-embedded-content\" sandbox=\"allow-scripts\" security=\"restricted\" style=\"position: absolute; visibility: hidden;\" title=\"&#8220;Safe Formalin Handling&#8221; &#8212; Worldwide\" src=\"https:\/\/www.milestonemedsrl.com\/products\/safe-formalin-handling\/embed\/#?secret=tdNX7kHTSf#?secret=TIjqCgRB6w\" data-secret=\"TIjqCgRB6w\" width=\"600\" height=\"338\" frameborder=\"0\" marginwidth=\"0\" marginheight=\"0\" scrolling=\"no\"><\/iframe><\/p>","protected":false},"excerpt":{"rendered":"<p>Inovat\u012bvi risin\u0101jumi, lai nov\u0113rstu operatoru saskari ar formal\u012bnu. Standartiz\u0113ti un dokument\u0113ti procesi biolo\u0123isko paraugu sav\u0101k\u0161anai oper\u0101ciju z\u0101l\u0113 un transport\u0113\u0161anai. Safe Formalin Handling<\/p>","protected":false},"featured_media":2297,"comment_status":"closed","ping_status":"closed","template":"","meta":[],"product_brand":[],"product_cat":[87],"product_tag":[],"class_list":{"0":"post-2067","1":"product","2":"type-product","3":"status-publish","4":"has-post-thumbnail","6":"product_cat-histologijas-instrumenti-un-reagenti","8":"first","9":"instock","10":"shipping-taxable","11":"product-type-simple"},"_links":{"self":[{"href":"https:\/\/quantum.hitexis.com\/en\/wp-json\/wp\/v2\/product\/2067","targetHints":{"allow":["GET"]}}],"collection":[{"href":"https:\/\/quantum.hitexis.com\/en\/wp-json\/wp\/v2\/product"}],"about":[{"href":"https:\/\/quantum.hitexis.com\/en\/wp-json\/wp\/v2\/types\/product"}],"replies":[{"embeddable":true,"href":"https:\/\/quantum.hitexis.com\/en\/wp-json\/wp\/v2\/comments?post=2067"}],"wp:featuredmedia":[{"embeddable":true,"href":"https:\/\/quantum.hitexis.com\/en\/wp-json\/wp\/v2\/media\/2297"}],"wp:attachment":[{"href":"https:\/\/quantum.hitexis.com\/en\/wp-json\/wp\/v2\/media?parent=2067"}],"wp:term":[{"taxonomy":"product_brand","embeddable":true,"href":"https:\/\/quantum.hitexis.com\/en\/wp-json\/wp\/v2\/product_brand?post=2067"},{"taxonomy":"product_cat","embeddable":true,"href":"https:\/\/quantum.hitexis.com\/en\/wp-json\/wp\/v2\/product_cat?post=2067"},{"taxonomy":"product_tag","embeddable":true,"href":"https:\/\/quantum.hitexis.com\/en\/wp-json\/wp\/v2\/product_tag?post=2067"}],"curies":[{"name":"wp","href":"https:\/\/api.w.org\/{rel}","templated":true}]}}