{"id":2066,"date":"2025-11-07T10:42:29","date_gmt":"2025-11-07T10:42:29","guid":{"rendered":"https:\/\/quantum.hitexis.com\/?post_type=product&#038;p=2066"},"modified":"2025-12-03T14:46:22","modified_gmt":"2025-12-03T14:46:22","slug":"dekalcifikacijas-iekartas","status":"publish","type":"product","link":"https:\/\/quantum.hitexis.com\/en\/product\/dekalcifikacijas-iekartas\/","title":{"rendered":"Dekalcifik\u0101cijas iek\u0101rtas"},"content":{"rendered":"<p>Fiks\u0101cija un dekalcifik\u0101cija ir svar\u012bgi histopatolo\u0123ijas paraugu apstr\u0101des posmi. Milestone risin\u0101jumi automatiz\u0113 un dokument\u0113 t\u0101du galveno faktoru k\u0101 mais\u012b\u0161anas, laika, temperat\u016bras, rea\u0123enta koncentr\u0101cijas un tilpuma kontroli, lai nodro\u0161in\u0101tu pareizu dekalcifik\u0101ciju un fiks\u0101ciju.<\/p>\n<blockquote class=\"wp-embedded-content\" data-secret=\"B064JuRXDD\"><p><a href=\"https:\/\/www.milestonemedsrl.com\/products\/decalcification-and-fixation\/\">Decalcification and Fixation<\/a><\/p><\/blockquote>\n<p><iframe class=\"wp-embedded-content\" sandbox=\"allow-scripts\" security=\"restricted\" style=\"position: absolute; visibility: hidden;\" title=\"&#8220;Decalcification and Fixation&#8221; &#8212; Worldwide\" src=\"https:\/\/www.milestonemedsrl.com\/products\/decalcification-and-fixation\/embed\/#?secret=b5wjVc9pe1#?secret=B064JuRXDD\" data-secret=\"B064JuRXDD\" width=\"600\" height=\"338\" frameborder=\"0\" marginwidth=\"0\" marginheight=\"0\" scrolling=\"no\"><\/iframe><\/p>","protected":false},"excerpt":{"rendered":"<p>Fiks\u0101cija un dekalcifik\u0101cija ir svar\u012bgi histopatolo\u0123ijas paraugu apstr\u0101des posmi. Milestone risin\u0101jumi automatiz\u0113 un dokument\u0113 t\u0101du galveno faktoru k\u0101 mais\u012b\u0161anas, laika, temperat\u016bras, rea\u0123enta koncentr\u0101cijas un tilpuma kontroli, lai nodro\u0161in\u0101tu pareizu dekalcifik\u0101ciju un fiks\u0101ciju. Decalcification and Fixation<\/p>","protected":false},"featured_media":2297,"comment_status":"closed","ping_status":"closed","template":"","meta":[],"product_brand":[],"product_cat":[87],"product_tag":[],"class_list":{"0":"post-2066","1":"product","2":"type-product","3":"status-publish","4":"has-post-thumbnail","6":"product_cat-histologijas-instrumenti-un-reagenti","8":"first","9":"instock","10":"shipping-taxable","11":"product-type-simple"},"_links":{"self":[{"href":"https:\/\/quantum.hitexis.com\/en\/wp-json\/wp\/v2\/product\/2066","targetHints":{"allow":["GET"]}}],"collection":[{"href":"https:\/\/quantum.hitexis.com\/en\/wp-json\/wp\/v2\/product"}],"about":[{"href":"https:\/\/quantum.hitexis.com\/en\/wp-json\/wp\/v2\/types\/product"}],"replies":[{"embeddable":true,"href":"https:\/\/quantum.hitexis.com\/en\/wp-json\/wp\/v2\/comments?post=2066"}],"wp:featuredmedia":[{"embeddable":true,"href":"https:\/\/quantum.hitexis.com\/en\/wp-json\/wp\/v2\/media\/2297"}],"wp:attachment":[{"href":"https:\/\/quantum.hitexis.com\/en\/wp-json\/wp\/v2\/media?parent=2066"}],"wp:term":[{"taxonomy":"product_brand","embeddable":true,"href":"https:\/\/quantum.hitexis.com\/en\/wp-json\/wp\/v2\/product_brand?post=2066"},{"taxonomy":"product_cat","embeddable":true,"href":"https:\/\/quantum.hitexis.com\/en\/wp-json\/wp\/v2\/product_cat?post=2066"},{"taxonomy":"product_tag","embeddable":true,"href":"https:\/\/quantum.hitexis.com\/en\/wp-json\/wp\/v2\/product_tag?post=2066"}],"curies":[{"name":"wp","href":"https:\/\/api.w.org\/{rel}","templated":true}]}}