{"id":2065,"date":"2025-11-07T10:41:58","date_gmt":"2025-11-07T10:41:58","guid":{"rendered":"https:\/\/quantum.hitexis.com\/?post_type=product&#038;p=2065"},"modified":"2025-12-03T14:46:29","modified_gmt":"2025-12-03T14:46:29","slug":"sekcijas-galdi","status":"publish","type":"product","link":"https:\/\/quantum.hitexis.com\/en\/product\/sekcijas-galdi\/","title":{"rendered":"Sectional tables"},"content":{"rendered":"<p>Ergonomiskas un modul\u0101ras uzskaites stacijas ar augst\u0101kajiem dro\u0161\u012bbas standartiem un modernu digit\u0101lo att\u0113lveido\u0161anas sist\u0113mu dokument\u0113\u0161anai un p\u0101rskatu snieg\u0161anai.<\/p>\n<blockquote class=\"wp-embedded-content\" data-secret=\"lxXOhiW4DK\"><p><a href=\"https:\/\/www.milestonemedsrl.com\/products\/grossing-and-macro-digital\/\">Grossing and Macro Digital<\/a><\/p><\/blockquote>\n<p><iframe class=\"wp-embedded-content\" sandbox=\"allow-scripts\" security=\"restricted\" style=\"position: absolute; visibility: hidden;\" title=\"&#8220;Grossing and Macro Digital&#8221; &#8212; Worldwide\" src=\"https:\/\/www.milestonemedsrl.com\/products\/grossing-and-macro-digital\/embed\/#?secret=FsobQX3Xg3#?secret=lxXOhiW4DK\" data-secret=\"lxXOhiW4DK\" width=\"600\" height=\"338\" frameborder=\"0\" marginwidth=\"0\" marginheight=\"0\" scrolling=\"no\"><\/iframe><\/p>","protected":false},"excerpt":{"rendered":"<p>Ergonomiskas un modul\u0101ras uzskaites stacijas ar augst\u0101kajiem dro\u0161\u012bbas standartiem un modernu digit\u0101lo att\u0113lveido\u0161anas sist\u0113mu dokument\u0113\u0161anai un p\u0101rskatu snieg\u0161anai. Grossing and Macro Digital<\/p>","protected":false},"featured_media":2297,"comment_status":"closed","ping_status":"closed","template":"","meta":[],"product_brand":[],"product_cat":[87],"product_tag":[],"class_list":{"0":"post-2065","1":"product","2":"type-product","3":"status-publish","4":"has-post-thumbnail","6":"product_cat-histologijas-instrumenti-un-reagenti","8":"first","9":"instock","10":"shipping-taxable","11":"product-type-simple"},"_links":{"self":[{"href":"https:\/\/quantum.hitexis.com\/en\/wp-json\/wp\/v2\/product\/2065","targetHints":{"allow":["GET"]}}],"collection":[{"href":"https:\/\/quantum.hitexis.com\/en\/wp-json\/wp\/v2\/product"}],"about":[{"href":"https:\/\/quantum.hitexis.com\/en\/wp-json\/wp\/v2\/types\/product"}],"replies":[{"embeddable":true,"href":"https:\/\/quantum.hitexis.com\/en\/wp-json\/wp\/v2\/comments?post=2065"}],"wp:featuredmedia":[{"embeddable":true,"href":"https:\/\/quantum.hitexis.com\/en\/wp-json\/wp\/v2\/media\/2297"}],"wp:attachment":[{"href":"https:\/\/quantum.hitexis.com\/en\/wp-json\/wp\/v2\/media?parent=2065"}],"wp:term":[{"taxonomy":"product_brand","embeddable":true,"href":"https:\/\/quantum.hitexis.com\/en\/wp-json\/wp\/v2\/product_brand?post=2065"},{"taxonomy":"product_cat","embeddable":true,"href":"https:\/\/quantum.hitexis.com\/en\/wp-json\/wp\/v2\/product_cat?post=2065"},{"taxonomy":"product_tag","embeddable":true,"href":"https:\/\/quantum.hitexis.com\/en\/wp-json\/wp\/v2\/product_tag?post=2065"}],"curies":[{"name":"wp","href":"https:\/\/api.w.org\/{rel}","templated":true}]}}