{"id":2064,"date":"2025-11-07T10:41:35","date_gmt":"2025-11-07T10:41:35","guid":{"rendered":"https:\/\/quantum.hitexis.com\/?post_type=product&#038;p=2064"},"modified":"2025-12-03T14:46:38","modified_gmt":"2025-12-03T14:46:38","slug":"krio-stacijas","status":"publish","type":"product","link":"https:\/\/quantum.hitexis.com\/en\/product\/krio-stacijas\/","title":{"rendered":"Krio-stacijas"},"content":{"rendered":"<p>N\u0101kam\u0101s paaudzes sald\u0113ti griezumi augstas kvalit\u0101tes prepar\u0101tiem. Milestone risin\u0101jumi nodro\u0161ina \u0101tru sasald\u0113\u0161anu, standartiz\u0113tu fiks\u0101ciju un kr\u0101so\u0161anu, p\u0101rveidojot sald\u0113to griezumu proced\u016bru par uzticamu metodi.<\/p>\n<blockquote class=\"wp-embedded-content\" data-secret=\"z5bHV3aaf1\"><p><a href=\"https:\/\/www.milestonemedsrl.com\/products\/frozen-sections\/\">Frozen Sections<\/a><\/p><\/blockquote>\n<p><iframe class=\"wp-embedded-content\" sandbox=\"allow-scripts\" security=\"restricted\" style=\"position: absolute; visibility: hidden;\" title=\"&#8220;Frozen Sections&#8221; &#8212; Worldwide\" src=\"https:\/\/www.milestonemedsrl.com\/products\/frozen-sections\/embed\/#?secret=LKcQriwlfF#?secret=z5bHV3aaf1\" data-secret=\"z5bHV3aaf1\" width=\"600\" height=\"338\" frameborder=\"0\" marginwidth=\"0\" marginheight=\"0\" scrolling=\"no\"><\/iframe><\/p>","protected":false},"excerpt":{"rendered":"<p>N\u0101kam\u0101s paaudzes sald\u0113ti griezumi augstas kvalit\u0101tes prepar\u0101tiem. Milestone risin\u0101jumi nodro\u0161ina \u0101tru sasald\u0113\u0161anu, standartiz\u0113tu fiks\u0101ciju un kr\u0101so\u0161anu, p\u0101rveidojot sald\u0113to griezumu proced\u016bru par uzticamu metodi. Frozen Sections<\/p>","protected":false},"featured_media":2297,"comment_status":"closed","ping_status":"closed","template":"","meta":[],"product_brand":[],"product_cat":[87],"product_tag":[],"class_list":{"0":"post-2064","1":"product","2":"type-product","3":"status-publish","4":"has-post-thumbnail","6":"product_cat-histologijas-instrumenti-un-reagenti","8":"first","9":"instock","10":"shipping-taxable","11":"product-type-simple"},"_links":{"self":[{"href":"https:\/\/quantum.hitexis.com\/en\/wp-json\/wp\/v2\/product\/2064","targetHints":{"allow":["GET"]}}],"collection":[{"href":"https:\/\/quantum.hitexis.com\/en\/wp-json\/wp\/v2\/product"}],"about":[{"href":"https:\/\/quantum.hitexis.com\/en\/wp-json\/wp\/v2\/types\/product"}],"replies":[{"embeddable":true,"href":"https:\/\/quantum.hitexis.com\/en\/wp-json\/wp\/v2\/comments?post=2064"}],"wp:featuredmedia":[{"embeddable":true,"href":"https:\/\/quantum.hitexis.com\/en\/wp-json\/wp\/v2\/media\/2297"}],"wp:attachment":[{"href":"https:\/\/quantum.hitexis.com\/en\/wp-json\/wp\/v2\/media?parent=2064"}],"wp:term":[{"taxonomy":"product_brand","embeddable":true,"href":"https:\/\/quantum.hitexis.com\/en\/wp-json\/wp\/v2\/product_brand?post=2064"},{"taxonomy":"product_cat","embeddable":true,"href":"https:\/\/quantum.hitexis.com\/en\/wp-json\/wp\/v2\/product_cat?post=2064"},{"taxonomy":"product_tag","embeddable":true,"href":"https:\/\/quantum.hitexis.com\/en\/wp-json\/wp\/v2\/product_tag?post=2064"}],"curies":[{"name":"wp","href":"https:\/\/api.w.org\/{rel}","templated":true}]}}