{"id":2063,"date":"2025-11-07T10:41:20","date_gmt":"2025-11-07T10:41:20","guid":{"rendered":"https:\/\/quantum.hitexis.com\/?post_type=product&#038;p=2063"},"modified":"2025-12-03T14:47:05","modified_gmt":"2025-12-03T14:47:05","slug":"histologiskie-procesori","status":"publish","type":"product","link":"https:\/\/quantum.hitexis.com\/en\/product\/histologiskie-procesori\/","title":{"rendered":"Histolo\u0123iskie procesori"},"content":{"rendered":"<p>Autom\u0101tiski un \u0101tri procesori, kas paredz\u0113ti, lai uzlabotu laboratorijas efektivit\u0101ti un apstr\u0101des laiku, neapdraudot dro\u0161\u012bbu un kvalit\u0101ti.<\/p>\n<blockquote class=\"wp-embedded-content\" data-secret=\"kBe2H5AVYU\"><p><a href=\"https:\/\/www.milestonemedsrl.com\/products\/tissue-processing\/\">Tissue Processing<\/a><\/p><\/blockquote>\n<p><iframe class=\"wp-embedded-content\" sandbox=\"allow-scripts\" security=\"restricted\" style=\"position: absolute; visibility: hidden;\" title=\"&#8220;Tissue Processing&#8221; &#8212; Worldwide\" src=\"https:\/\/www.milestonemedsrl.com\/products\/tissue-processing\/embed\/#?secret=9OIvNV9esG#?secret=kBe2H5AVYU\" data-secret=\"kBe2H5AVYU\" width=\"600\" height=\"338\" frameborder=\"0\" marginwidth=\"0\" marginheight=\"0\" scrolling=\"no\"><\/iframe><\/p>","protected":false},"excerpt":{"rendered":"<p>Autom\u0101tiski un \u0101tri procesori, kas paredz\u0113ti, lai uzlabotu laboratorijas efektivit\u0101ti un apstr\u0101des laiku, neapdraudot dro\u0161\u012bbu un kvalit\u0101ti. Tissue Processing<\/p>","protected":false},"featured_media":2297,"comment_status":"closed","ping_status":"closed","template":"","meta":[],"product_brand":[],"product_cat":[87],"product_tag":[],"class_list":{"0":"post-2063","1":"product","2":"type-product","3":"status-publish","4":"has-post-thumbnail","6":"product_cat-histologijas-instrumenti-un-reagenti","8":"first","9":"instock","10":"shipping-taxable","11":"product-type-simple"},"_links":{"self":[{"href":"https:\/\/quantum.hitexis.com\/en\/wp-json\/wp\/v2\/product\/2063","targetHints":{"allow":["GET"]}}],"collection":[{"href":"https:\/\/quantum.hitexis.com\/en\/wp-json\/wp\/v2\/product"}],"about":[{"href":"https:\/\/quantum.hitexis.com\/en\/wp-json\/wp\/v2\/types\/product"}],"replies":[{"embeddable":true,"href":"https:\/\/quantum.hitexis.com\/en\/wp-json\/wp\/v2\/comments?post=2063"}],"wp:featuredmedia":[{"embeddable":true,"href":"https:\/\/quantum.hitexis.com\/en\/wp-json\/wp\/v2\/media\/2297"}],"wp:attachment":[{"href":"https:\/\/quantum.hitexis.com\/en\/wp-json\/wp\/v2\/media?parent=2063"}],"wp:term":[{"taxonomy":"product_brand","embeddable":true,"href":"https:\/\/quantum.hitexis.com\/en\/wp-json\/wp\/v2\/product_brand?post=2063"},{"taxonomy":"product_cat","embeddable":true,"href":"https:\/\/quantum.hitexis.com\/en\/wp-json\/wp\/v2\/product_cat?post=2063"},{"taxonomy":"product_tag","embeddable":true,"href":"https:\/\/quantum.hitexis.com\/en\/wp-json\/wp\/v2\/product_tag?post=2063"}],"curies":[{"name":"wp","href":"https:\/\/api.w.org\/{rel}","templated":true}]}}