{"id":2059,"date":"2025-11-07T10:39:09","date_gmt":"2025-11-07T10:39:09","guid":{"rendered":"https:\/\/quantum.hitexis.com\/?post_type=product&#038;p=2059"},"modified":"2025-12-03T14:47:29","modified_gmt":"2025-12-03T14:47:29","slug":"oligonukleotidi","status":"publish","type":"product","link":"https:\/\/quantum.hitexis.com\/en\/product\/oligonukleotidi\/","title":{"rendered":"Synthesis of oligonucleotides, genes, plasmids, etc."},"content":{"rendered":"<p>GenScript nodro\u0161ina piel\u0101gotu DNS oligonukleot\u012bdu ra\u017eo\u0161anu, RNS oligonukleot\u012bdu ra\u017eo\u0161anu, siRNS ra\u017eo\u0161anu, trimerisko oligonukleot\u012bdu ra\u017eo\u0161anu, augstas caurlaid\u012bbas oligonukleot\u012bdu apvieno\u0161anu un augstas kvalit\u0101tes TaqMan zondes un NGS adapterus, hibridiz\u0101cijas uztver\u0161anas zondes un multipleksus PCR oligonukleot\u012bdus molekul\u0101r\u0101s diagnostikas lietojumprogrammu atbalstam.<\/p>\n<p><a href=\"https:\/\/www.genscript.com\/oligo-synthesis-applications.html?src=pullmenu&amp;_gl=1*19wndq1*_up*MQ..*_gs*MQ..&amp;gclid=Cj0KCQjw05i4BhDiARIsAB_2wfAyGSsoT1vkav1gP9zJ3s4YyBm9m0tw7Ts8ZNcJWnafD-sA3nbpF8YaAoWIEALw_wcB#Overview\">https:\/\/www.genscript.com\/oligo-synthesis-applications.html?src=pullmenu&amp;_gl=1*19wndq1*_up*MQ..*_gs*MQ..&amp;gclid=Cj0KCQjw05i4BhDiARIsAB_2wfAyGSsoT1vkav1gP9zJ3s4YyBm9m0tw7Ts8ZNcJWnafD-sA3nbpF8YaAoWIEALw_wcB#Overview<\/a><\/p>","protected":false},"excerpt":{"rendered":"<p>GenScript nodro\u0161ina piel\u0101gotu DNS oligonukleot\u012bdu ra\u017eo\u0161anu, RNS oligonukleot\u012bdu ra\u017eo\u0161anu, siRNS ra\u017eo\u0161anu, trimerisko oligonukleot\u012bdu ra\u017eo\u0161anu, augstas caurlaid\u012bbas oligonukleot\u012bdu apvieno\u0161anu un augstas kvalit\u0101tes TaqMan zondes un NGS adapterus, hibridiz\u0101cijas uztver\u0161anas zondes un multipleksus PCR oligonukleot\u012bdus molekul\u0101r\u0101s diagnostikas lietojumprogrammu atbalstam. https:\/\/www.genscript.com\/oligo-synthesis-applications.html?src=pullmenu&amp;_gl=1*19wndq1*_up*MQ..*_gs*MQ..&amp;gclid=Cj0KCQjw05i4BhDiARIsAB_2wfAyGSsoT1vkav1gP9zJ3s4YyBm9m0tw7Ts8ZNcJWnafD-sA3nbpF8YaAoWIEALw_wcB#Overview<\/p>","protected":false},"featured_media":2297,"comment_status":"closed","ping_status":"closed","template":"","meta":[],"product_brand":[],"product_cat":[85],"product_tag":[],"class_list":{"0":"post-2059","1":"product","2":"type-product","3":"status-publish","4":"has-post-thumbnail","6":"product_cat-sunu-biologijas-instrumenti-un-reagenti","8":"first","9":"instock","10":"shipping-taxable","11":"product-type-simple"},"_links":{"self":[{"href":"https:\/\/quantum.hitexis.com\/en\/wp-json\/wp\/v2\/product\/2059","targetHints":{"allow":["GET"]}}],"collection":[{"href":"https:\/\/quantum.hitexis.com\/en\/wp-json\/wp\/v2\/product"}],"about":[{"href":"https:\/\/quantum.hitexis.com\/en\/wp-json\/wp\/v2\/types\/product"}],"replies":[{"embeddable":true,"href":"https:\/\/quantum.hitexis.com\/en\/wp-json\/wp\/v2\/comments?post=2059"}],"wp:featuredmedia":[{"embeddable":true,"href":"https:\/\/quantum.hitexis.com\/en\/wp-json\/wp\/v2\/media\/2297"}],"wp:attachment":[{"href":"https:\/\/quantum.hitexis.com\/en\/wp-json\/wp\/v2\/media?parent=2059"}],"wp:term":[{"taxonomy":"product_brand","embeddable":true,"href":"https:\/\/quantum.hitexis.com\/en\/wp-json\/wp\/v2\/product_brand?post=2059"},{"taxonomy":"product_cat","embeddable":true,"href":"https:\/\/quantum.hitexis.com\/en\/wp-json\/wp\/v2\/product_cat?post=2059"},{"taxonomy":"product_tag","embeddable":true,"href":"https:\/\/quantum.hitexis.com\/en\/wp-json\/wp\/v2\/product_tag?post=2059"}],"curies":[{"name":"wp","href":"https:\/\/api.w.org\/{rel}","templated":true}]}}