{"id":2057,"date":"2025-11-07T10:36:53","date_gmt":"2025-11-07T10:36:53","guid":{"rendered":"https:\/\/quantum.hitexis.com\/?post_type=product&#038;p=2057"},"modified":"2025-12-03T14:47:45","modified_gmt":"2025-12-03T14:47:45","slug":"transfekcijas-sistemas","status":"publish","type":"product","link":"https:\/\/quantum.hitexis.com\/en\/product\/transfekcijas-sistemas\/","title":{"rendered":"Transfekcijas sist\u0113mas"},"content":{"rendered":"<p>Transfekcijas sist\u0113ma ir r\u012bku un rea\u0123entu kopums, ko izmanto, lai m\u0101ksl\u012bgi ievad\u012btu sve\u0161as nukle\u012bnsk\u0101bes, piem\u0113ram, DNS vai RNS, eikariotu \u0161\u016bn\u0101s, lai modific\u0113tu to \u0123en\u0113tisko materi\u0101lu. \u0160\u012bs sist\u0113mas ir b\u016btiskas p\u0113tniec\u012bbai un terapijai, \u013caujot zin\u0101tniekiem p\u0113t\u012bt g\u0113nu funkcijas, redi\u0123\u0113t genomus un izstr\u0101d\u0101t g\u0113nu terapijas metodes.<\/p>\n<p><a href=\"https:\/\/biontex.com\/eu\/#\/\">https:\/\/biontex.com\/eu\/#\/<\/a><\/p>","protected":false},"excerpt":{"rendered":"<p>Transfekcijas sist\u0113ma ir r\u012bku un rea\u0123entu kopums, ko izmanto, lai m\u0101ksl\u012bgi ievad\u012btu sve\u0161as nukle\u012bnsk\u0101bes, piem\u0113ram, DNS vai RNS, eikariotu \u0161\u016bn\u0101s, lai modific\u0113tu to \u0123en\u0113tisko materi\u0101lu. \u0160\u012bs sist\u0113mas ir b\u016btiskas p\u0113tniec\u012bbai un terapijai, \u013caujot zin\u0101tniekiem p\u0113t\u012bt g\u0113nu funkcijas, redi\u0123\u0113t genomus un izstr\u0101d\u0101t g\u0113nu terapijas metodes. https:\/\/biontex.com\/eu\/#\/<\/p>","protected":false},"featured_media":2297,"comment_status":"closed","ping_status":"closed","template":"","meta":[],"product_brand":[],"product_cat":[85],"product_tag":[],"class_list":{"0":"post-2057","1":"product","2":"type-product","3":"status-publish","4":"has-post-thumbnail","6":"product_cat-sunu-biologijas-instrumenti-un-reagenti","8":"first","9":"instock","10":"shipping-taxable","11":"product-type-simple"},"_links":{"self":[{"href":"https:\/\/quantum.hitexis.com\/en\/wp-json\/wp\/v2\/product\/2057","targetHints":{"allow":["GET"]}}],"collection":[{"href":"https:\/\/quantum.hitexis.com\/en\/wp-json\/wp\/v2\/product"}],"about":[{"href":"https:\/\/quantum.hitexis.com\/en\/wp-json\/wp\/v2\/types\/product"}],"replies":[{"embeddable":true,"href":"https:\/\/quantum.hitexis.com\/en\/wp-json\/wp\/v2\/comments?post=2057"}],"wp:featuredmedia":[{"embeddable":true,"href":"https:\/\/quantum.hitexis.com\/en\/wp-json\/wp\/v2\/media\/2297"}],"wp:attachment":[{"href":"https:\/\/quantum.hitexis.com\/en\/wp-json\/wp\/v2\/media?parent=2057"}],"wp:term":[{"taxonomy":"product_brand","embeddable":true,"href":"https:\/\/quantum.hitexis.com\/en\/wp-json\/wp\/v2\/product_brand?post=2057"},{"taxonomy":"product_cat","embeddable":true,"href":"https:\/\/quantum.hitexis.com\/en\/wp-json\/wp\/v2\/product_cat?post=2057"},{"taxonomy":"product_tag","embeddable":true,"href":"https:\/\/quantum.hitexis.com\/en\/wp-json\/wp\/v2\/product_tag?post=2057"}],"curies":[{"name":"wp","href":"https:\/\/api.w.org\/{rel}","templated":true}]}}