{"id":2051,"date":"2025-11-07T10:32:04","date_gmt":"2025-11-07T10:32:04","guid":{"rendered":"https:\/\/quantum.hitexis.com\/?post_type=product&#038;p=2051"},"modified":"2025-12-03T14:48:31","modified_gmt":"2025-12-03T14:48:31","slug":"veterinara-diagnostika","status":"publish","type":"product","link":"https:\/\/quantum.hitexis.com\/en\/product\/veterinara-diagnostika\/","title":{"rendered":"Veterinary diagnostics"},"content":{"rendered":"<p>Iepaz\u012bstieties ar m\u016bsu trakums\u0113rgas un vakc\u012bnas titra jeb TSE (transmis\u012bv\u0101s s\u016bk\u013cveida encefalop\u0101tijas) test\u0113\u0161anas r\u012bkiem, k\u0101 ar\u012b visp\u0101r\u012bgajiem zoono\u017eu uzraudz\u012bbas r\u012bkiem.<\/p>\n<p><a href=\"https:\/\/www.bio-rad.com\/en-lv\/category\/veterinary-diagnostics?ID=96b4d58a-3d6c-4762-a1b8-1b95cff8e50f\">https:\/\/www.bio-rad.com\/en-lv\/category\/veterinary-diagnostics?ID=96b4d58a-3d6c-4762-a1b8-1b95cff8e50f<\/a><\/p>","protected":false},"excerpt":{"rendered":"<p>Iepaz\u012bstieties ar m\u016bsu trakums\u0113rgas un vakc\u012bnas titra jeb TSE (transmis\u012bv\u0101s s\u016bk\u013cveida encefalop\u0101tijas) test\u0113\u0161anas r\u012bkiem, k\u0101 ar\u012b visp\u0101r\u012bgajiem zoono\u017eu uzraudz\u012bbas r\u012bkiem. https:\/\/www.bio-rad.com\/en-lv\/category\/veterinary-diagnostics?ID=96b4d58a-3d6c-4762-a1b8-1b95cff8e50f<\/p>","protected":false},"featured_media":2297,"comment_status":"closed","ping_status":"closed","template":"","meta":[],"product_brand":[],"product_cat":[86],"product_tag":[],"class_list":{"0":"post-2051","1":"product","2":"type-product","3":"status-publish","4":"has-post-thumbnail","6":"product_cat-mikrobiologija","8":"first","9":"instock","10":"shipping-taxable","11":"product-type-simple"},"_links":{"self":[{"href":"https:\/\/quantum.hitexis.com\/en\/wp-json\/wp\/v2\/product\/2051","targetHints":{"allow":["GET"]}}],"collection":[{"href":"https:\/\/quantum.hitexis.com\/en\/wp-json\/wp\/v2\/product"}],"about":[{"href":"https:\/\/quantum.hitexis.com\/en\/wp-json\/wp\/v2\/types\/product"}],"replies":[{"embeddable":true,"href":"https:\/\/quantum.hitexis.com\/en\/wp-json\/wp\/v2\/comments?post=2051"}],"wp:featuredmedia":[{"embeddable":true,"href":"https:\/\/quantum.hitexis.com\/en\/wp-json\/wp\/v2\/media\/2297"}],"wp:attachment":[{"href":"https:\/\/quantum.hitexis.com\/en\/wp-json\/wp\/v2\/media?parent=2051"}],"wp:term":[{"taxonomy":"product_brand","embeddable":true,"href":"https:\/\/quantum.hitexis.com\/en\/wp-json\/wp\/v2\/product_brand?post=2051"},{"taxonomy":"product_cat","embeddable":true,"href":"https:\/\/quantum.hitexis.com\/en\/wp-json\/wp\/v2\/product_cat?post=2051"},{"taxonomy":"product_tag","embeddable":true,"href":"https:\/\/quantum.hitexis.com\/en\/wp-json\/wp\/v2\/product_tag?post=2051"}],"curies":[{"name":"wp","href":"https:\/\/api.w.org\/{rel}","templated":true}]}}