{"id":2049,"date":"2025-11-07T10:30:15","date_gmt":"2025-11-07T10:30:15","guid":{"rendered":"https:\/\/quantum.hitexis.com\/?post_type=product&#038;p=2049"},"modified":"2025-12-03T14:49:18","modified_gmt":"2025-12-03T14:49:18","slug":"mikrobiologijas-barotnes","status":"publish","type":"product","link":"https:\/\/quantum.hitexis.com\/en\/product\/mikrobiologijas-barotnes\/","title":{"rendered":"Microbiology media"},"content":{"rendered":"<p>M\u0113s pied\u0101v\u0101jam pilnu \u0101tru un p\u0101rbaud\u012btu p\u0101rtikas nekait\u012bguma test\u0113\u0161anas komplektu un risin\u0101jumu kl\u0101stu ar izmaksu zi\u0146\u0101 efekt\u012bviem un darbietilp\u012bgiem protokoliem mikroorganismu noteik\u0161anai un uzskait\u012b\u0161anai ar \u012bs\u0101ku rezult\u0101tu ieg\u016b\u0161anas laiku sal\u012bdzin\u0101jum\u0101 ar tradicion\u0101laj\u0101m metod\u0113m.<\/p>\n<p><a href=\"https:\/\/www.bio-rad.com\/en-lv\/p\/fbt\">https:\/\/www.bio-rad.com\/en-lv\/p\/fbt<\/a><\/p>","protected":false},"excerpt":{"rendered":"<p>We offer a full range of rapid and proven food safety testing kits and solutions with cost-effective and labor-saving protocols for the detection and enumeration of microorganisms with shorter time to results compared to traditional methods. https:\/\/www.bio-rad.com\/en-lv\/p\/fbt<\/p>","protected":false},"featured_media":2297,"comment_status":"closed","ping_status":"closed","template":"","meta":[],"product_brand":[],"product_cat":[86],"product_tag":[],"class_list":{"0":"post-2049","1":"product","2":"type-product","3":"status-publish","4":"has-post-thumbnail","6":"product_cat-mikrobiologija","8":"first","9":"instock","10":"shipping-taxable","11":"product-type-simple"},"_links":{"self":[{"href":"https:\/\/quantum.hitexis.com\/en\/wp-json\/wp\/v2\/product\/2049","targetHints":{"allow":["GET"]}}],"collection":[{"href":"https:\/\/quantum.hitexis.com\/en\/wp-json\/wp\/v2\/product"}],"about":[{"href":"https:\/\/quantum.hitexis.com\/en\/wp-json\/wp\/v2\/types\/product"}],"replies":[{"embeddable":true,"href":"https:\/\/quantum.hitexis.com\/en\/wp-json\/wp\/v2\/comments?post=2049"}],"wp:featuredmedia":[{"embeddable":true,"href":"https:\/\/quantum.hitexis.com\/en\/wp-json\/wp\/v2\/media\/2297"}],"wp:attachment":[{"href":"https:\/\/quantum.hitexis.com\/en\/wp-json\/wp\/v2\/media?parent=2049"}],"wp:term":[{"taxonomy":"product_brand","embeddable":true,"href":"https:\/\/quantum.hitexis.com\/en\/wp-json\/wp\/v2\/product_brand?post=2049"},{"taxonomy":"product_cat","embeddable":true,"href":"https:\/\/quantum.hitexis.com\/en\/wp-json\/wp\/v2\/product_cat?post=2049"},{"taxonomy":"product_tag","embeddable":true,"href":"https:\/\/quantum.hitexis.com\/en\/wp-json\/wp\/v2\/product_tag?post=2049"}],"curies":[{"name":"wp","href":"https:\/\/api.w.org\/{rel}","templated":true}]}}