{"id":2044,"date":"2025-11-07T10:26:12","date_gmt":"2025-11-07T10:26:12","guid":{"rendered":"https:\/\/quantum.hitexis.com\/?post_type=product&#038;p=2044"},"modified":"2025-12-03T14:50:11","modified_gmt":"2025-12-03T14:50:11","slug":"pcr","status":"publish","type":"product","link":"https:\/\/quantum.hitexis.com\/en\/product\/pcr\/","title":{"rendered":"PCR"},"content":{"rendered":"<p>Eppendorf m\u0113s saprotam, kas nepiecie\u0161ams, lai nodro\u0161in\u0101tu j\u016bsu piln\u012bgu p\u0101rliec\u012bbu par PCR rezult\u0101tiem. Neatkar\u012bgi no t\u0101, vai veicat galapunkta PCR vai re\u0101llaika PCR (qPCR), m\u0113s pied\u0101v\u0101jam PCR termociklerus, piederumus un pal\u012bgmateri\u0101lus, kas nepiecie\u0161ami prec\u012bzu un reproduc\u0113jamu datu ieg\u016b\u0161anai.<\/p>\n<p><a href=\"https:\/\/www.eppendorf.com\/de-en\/Products\/PCR-c-WebPMain-H-44553\">https:\/\/www.eppendorf.com\/de-en\/Products\/PCR-c-WebPMain-H-44553<\/a><\/p>","protected":false},"excerpt":{"rendered":"<p>Eppendorf m\u0113s saprotam, kas nepiecie\u0161ams, lai nodro\u0161in\u0101tu j\u016bsu piln\u012bgu p\u0101rliec\u012bbu par PCR rezult\u0101tiem. Neatkar\u012bgi no t\u0101, vai veicat galapunkta PCR vai re\u0101llaika PCR (qPCR), m\u0113s pied\u0101v\u0101jam PCR termociklerus, piederumus un pal\u012bgmateri\u0101lus, kas nepiecie\u0161ami prec\u012bzu un reproduc\u0113jamu datu ieg\u016b\u0161anai. https:\/\/www.eppendorf.com\/de-en\/Products\/PCR-c-WebPMain-H-44553<\/p>","protected":false},"featured_media":2297,"comment_status":"closed","ping_status":"closed","template":"","meta":[],"product_brand":[],"product_cat":[84],"product_tag":[],"class_list":{"0":"post-2044","1":"product","2":"type-product","3":"status-publish","4":"has-post-thumbnail","6":"product_cat-molekularas-biologijas-instrumenti-un-reagenti","8":"first","9":"instock","10":"shipping-taxable","11":"product-type-simple"},"_links":{"self":[{"href":"https:\/\/quantum.hitexis.com\/en\/wp-json\/wp\/v2\/product\/2044","targetHints":{"allow":["GET"]}}],"collection":[{"href":"https:\/\/quantum.hitexis.com\/en\/wp-json\/wp\/v2\/product"}],"about":[{"href":"https:\/\/quantum.hitexis.com\/en\/wp-json\/wp\/v2\/types\/product"}],"replies":[{"embeddable":true,"href":"https:\/\/quantum.hitexis.com\/en\/wp-json\/wp\/v2\/comments?post=2044"}],"wp:featuredmedia":[{"embeddable":true,"href":"https:\/\/quantum.hitexis.com\/en\/wp-json\/wp\/v2\/media\/2297"}],"wp:attachment":[{"href":"https:\/\/quantum.hitexis.com\/en\/wp-json\/wp\/v2\/media?parent=2044"}],"wp:term":[{"taxonomy":"product_brand","embeddable":true,"href":"https:\/\/quantum.hitexis.com\/en\/wp-json\/wp\/v2\/product_brand?post=2044"},{"taxonomy":"product_cat","embeddable":true,"href":"https:\/\/quantum.hitexis.com\/en\/wp-json\/wp\/v2\/product_cat?post=2044"},{"taxonomy":"product_tag","embeddable":true,"href":"https:\/\/quantum.hitexis.com\/en\/wp-json\/wp\/v2\/product_tag?post=2044"}],"curies":[{"name":"wp","href":"https:\/\/api.w.org\/{rel}","templated":true}]}}