{"id":2040,"date":"2025-11-07T10:20:37","date_gmt":"2025-11-07T10:20:37","guid":{"rendered":"https:\/\/quantum.hitexis.com\/?post_type=product&#038;p=2040"},"modified":"2025-12-03T14:50:38","modified_gmt":"2025-12-03T14:50:38","slug":"automatiskas-pipetes","status":"publish","type":"product","link":"https:\/\/quantum.hitexis.com\/en\/product\/automatiskas-pipetes\/","title":{"rendered":"Autom\u0101tisk\u0101s pipetes"},"content":{"rendered":"<p>M\u016bsdien\u0101s Eppendorf pipetes, dozatori un automatiz\u0113t\u0101s \u0161\u0137idrumu apstr\u0101des sist\u0113mas tiek izmantotas visur, kur ir svar\u012bga precizit\u0101te, atk\u0101rtojam\u012bba un absol\u016bta uzticam\u012bba. M\u0113s pied\u0101v\u0101jam pla\u0161u \u0161\u0137idrumu apstr\u0101des un pipet\u0113\u0161anas iek\u0101rtu kl\u0101stu, lai apmierin\u0101tu j\u016bsu laboratorijas vajadz\u012bbas. Apskatiet m\u016bsu meh\u0101nisko, elektronisko, daudzkan\u0101lu, pozit\u012bvas p\u0101rvieto\u0161anas pipe\u0161u, autom\u0101tisko \u0161\u0137idruma dozatoru, pipe\u0161u dozatoru un pude\u013cu dozatoru kl\u0101stu, lai atrastu sav\u0101m vajadz\u012bb\u0101m piem\u0113rot\u0101ko instrumentu.<\/p>\n<p><a href=\"https:\/\/www.eppendorf.com\/de-en\/Products\/Liquid-Handling-c-WebPMain-H-44563\">https:\/\/www.eppendorf.com\/de-en\/Products\/Liquid-Handling-c-WebPMain-H-44563<\/a><\/p>","protected":false},"excerpt":{"rendered":"<p>M\u016bsdien\u0101s Eppendorf pipetes, dozatori un automatiz\u0113t\u0101s \u0161\u0137idrumu apstr\u0101des sist\u0113mas tiek izmantotas visur, kur ir svar\u012bga precizit\u0101te, atk\u0101rtojam\u012bba un absol\u016bta uzticam\u012bba. M\u0113s pied\u0101v\u0101jam pla\u0161u \u0161\u0137idrumu apstr\u0101des un pipet\u0113\u0161anas iek\u0101rtu kl\u0101stu, lai apmierin\u0101tu j\u016bsu laboratorijas vajadz\u012bbas. Apskatiet m\u016bsu meh\u0101nisko, elektronisko, daudzkan\u0101lu, pozit\u012bvas p\u0101rvieto\u0161anas pipe\u0161u, autom\u0101tisko \u0161\u0137idruma dozatoru, pipe\u0161u dozatoru un pude\u013cu dozatoru kl\u0101stu, lai atrastu sav\u0101m vajadz\u012bb\u0101m [&hellip;]<\/p>","protected":false},"featured_media":2297,"comment_status":"closed","ping_status":"closed","template":"","meta":[],"product_brand":[],"product_cat":[83],"product_tag":[],"class_list":{"0":"post-2040","1":"product","2":"type-product","3":"status-publish","4":"has-post-thumbnail","6":"product_cat-laboratorijas-paligmateriali","8":"first","9":"instock","10":"shipping-taxable","11":"product-type-simple"},"_links":{"self":[{"href":"https:\/\/quantum.hitexis.com\/en\/wp-json\/wp\/v2\/product\/2040","targetHints":{"allow":["GET"]}}],"collection":[{"href":"https:\/\/quantum.hitexis.com\/en\/wp-json\/wp\/v2\/product"}],"about":[{"href":"https:\/\/quantum.hitexis.com\/en\/wp-json\/wp\/v2\/types\/product"}],"replies":[{"embeddable":true,"href":"https:\/\/quantum.hitexis.com\/en\/wp-json\/wp\/v2\/comments?post=2040"}],"wp:featuredmedia":[{"embeddable":true,"href":"https:\/\/quantum.hitexis.com\/en\/wp-json\/wp\/v2\/media\/2297"}],"wp:attachment":[{"href":"https:\/\/quantum.hitexis.com\/en\/wp-json\/wp\/v2\/media?parent=2040"}],"wp:term":[{"taxonomy":"product_brand","embeddable":true,"href":"https:\/\/quantum.hitexis.com\/en\/wp-json\/wp\/v2\/product_brand?post=2040"},{"taxonomy":"product_cat","embeddable":true,"href":"https:\/\/quantum.hitexis.com\/en\/wp-json\/wp\/v2\/product_cat?post=2040"},{"taxonomy":"product_tag","embeddable":true,"href":"https:\/\/quantum.hitexis.com\/en\/wp-json\/wp\/v2\/product_tag?post=2040"}],"curies":[{"name":"wp","href":"https:\/\/api.w.org\/{rel}","templated":true}]}}