{"id":2034,"date":"2025-11-07T10:16:47","date_gmt":"2025-11-07T10:16:47","guid":{"rendered":"https:\/\/quantum.hitexis.com\/?post_type=product&#038;p=2034"},"modified":"2025-12-03T14:51:25","modified_gmt":"2025-12-03T14:51:25","slug":"koncentratori","status":"publish","type":"product","link":"https:\/\/quantum.hitexis.com\/en\/product\/koncentratori\/","title":{"rendered":"Koncentratori"},"content":{"rendered":"<p>Gr\u012bdas centrif\u016bgas ir neaizst\u0101jamas laboratorij\u0101s, veicot da\u017e\u0101dus uzdevumus, piem\u0113ram, biomasas sav\u0101k\u0161anu un \u0161\u016bnu, organellu un v\u012brusu izol\u0113\u0161anu. Lai apmierin\u0101tu laboratoriju da\u017e\u0101d\u0101s vajadz\u012bbas, esam izveidoju\u0161i daudzpus\u012bgu \u0101trgaitas un ultracentrif\u016bgu l\u012bniju, kas paredz\u0113ta prec\u012bzai, efekt\u012bvai un dro\u0161ai paraugu atdal\u012b\u0161anai.<\/p>\n<p><a href=\"https:\/\/www.eppendorf.com\/de-en\/Products\/Centrifugation\/Floor-Standing-Centrifuges-c-WebPSub-H-12106795\">https:\/\/www.eppendorf.com\/de-en\/Products\/Centrifugation\/Floor-Standing-Centrifuges-c-WebPSub-H-12106795<\/a><\/p>","protected":false},"excerpt":{"rendered":"<p>Gr\u012bdas centrif\u016bgas ir neaizst\u0101jamas laboratorij\u0101s, veicot da\u017e\u0101dus uzdevumus, piem\u0113ram, biomasas sav\u0101k\u0161anu un \u0161\u016bnu, organellu un v\u012brusu izol\u0113\u0161anu. Lai apmierin\u0101tu laboratoriju da\u017e\u0101d\u0101s vajadz\u012bbas, esam izveidoju\u0161i daudzpus\u012bgu \u0101trgaitas un ultracentrif\u016bgu l\u012bniju, kas paredz\u0113ta prec\u012bzai, efekt\u012bvai un dro\u0161ai paraugu atdal\u012b\u0161anai. https:\/\/www.eppendorf.com\/de-en\/Products\/Centrifugation\/Floor-Standing-Centrifuges-c-WebPSub-H-12106795<\/p>","protected":false},"featured_media":2297,"comment_status":"closed","ping_status":"closed","template":"","meta":[],"product_brand":[],"product_cat":[90],"product_tag":[],"class_list":{"0":"post-2034","1":"product","2":"type-product","3":"status-publish","4":"has-post-thumbnail","6":"product_cat-gridas-centrifugas","8":"first","9":"instock","10":"shipping-taxable","11":"product-type-simple"},"_links":{"self":[{"href":"https:\/\/quantum.hitexis.com\/en\/wp-json\/wp\/v2\/product\/2034","targetHints":{"allow":["GET"]}}],"collection":[{"href":"https:\/\/quantum.hitexis.com\/en\/wp-json\/wp\/v2\/product"}],"about":[{"href":"https:\/\/quantum.hitexis.com\/en\/wp-json\/wp\/v2\/types\/product"}],"replies":[{"embeddable":true,"href":"https:\/\/quantum.hitexis.com\/en\/wp-json\/wp\/v2\/comments?post=2034"}],"wp:featuredmedia":[{"embeddable":true,"href":"https:\/\/quantum.hitexis.com\/en\/wp-json\/wp\/v2\/media\/2297"}],"wp:attachment":[{"href":"https:\/\/quantum.hitexis.com\/en\/wp-json\/wp\/v2\/media?parent=2034"}],"wp:term":[{"taxonomy":"product_brand","embeddable":true,"href":"https:\/\/quantum.hitexis.com\/en\/wp-json\/wp\/v2\/product_brand?post=2034"},{"taxonomy":"product_cat","embeddable":true,"href":"https:\/\/quantum.hitexis.com\/en\/wp-json\/wp\/v2\/product_cat?post=2034"},{"taxonomy":"product_tag","embeddable":true,"href":"https:\/\/quantum.hitexis.com\/en\/wp-json\/wp\/v2\/product_tag?post=2034"}],"curies":[{"name":"wp","href":"https:\/\/api.w.org\/{rel}","templated":true}]}}