{"id":2031,"date":"2025-11-07T10:14:56","date_gmt":"2025-11-07T10:14:56","guid":{"rendered":"https:\/\/quantum.hitexis.com\/?post_type=product&#038;p=2031"},"modified":"2025-12-03T14:51:55","modified_gmt":"2025-12-03T14:51:55","slug":"daudzfunkcionalas-centrifugas","status":"publish","type":"product","link":"https:\/\/quantum.hitexis.com\/en\/product\/daudzfunkcionalas-centrifugas\/","title":{"rendered":"Daudzfunkcion\u0101las centrif\u016bgas"},"content":{"rendered":"<p>M\u016bsu galda centrif\u016bgu l\u012bnija apvieno uzlabotas funkcijas un jaun\u0101k\u0101s tehnolo\u0123ijas, lai prec\u012bzi un uzticami atdal\u012btu paraugus.<\/p>\n<p><a href=\"https:\/\/www.eppendorf.com\/de-en\/Products\/Centrifugation\/Benchtop-Centrifuges-c-WebPSub-H-12106794\">https:\/\/www.eppendorf.com\/de-en\/Products\/Centrifugation\/Benchtop-Centrifuges-c-WebPSub-H-12106794<\/a><\/p>","protected":false},"excerpt":{"rendered":"<p>Our line of benchtop centrifuges combines advanced features and the latest technology to separate samples accurately and reliably. https:\/\/www.eppendorf.com\/de-en\/Products\/Centrifugation\/Benchtop-Centrifuges-c-WebPSub-H-12106794<\/p>","protected":false},"featured_media":2297,"comment_status":"closed","ping_status":"closed","template":"","meta":[],"product_brand":[],"product_cat":[89],"product_tag":[],"class_list":{"0":"post-2031","1":"product","2":"type-product","3":"status-publish","4":"has-post-thumbnail","6":"product_cat-galda-centrifugas","8":"first","9":"instock","10":"shipping-taxable","11":"product-type-simple"},"_links":{"self":[{"href":"https:\/\/quantum.hitexis.com\/en\/wp-json\/wp\/v2\/product\/2031","targetHints":{"allow":["GET"]}}],"collection":[{"href":"https:\/\/quantum.hitexis.com\/en\/wp-json\/wp\/v2\/product"}],"about":[{"href":"https:\/\/quantum.hitexis.com\/en\/wp-json\/wp\/v2\/types\/product"}],"replies":[{"embeddable":true,"href":"https:\/\/quantum.hitexis.com\/en\/wp-json\/wp\/v2\/comments?post=2031"}],"wp:featuredmedia":[{"embeddable":true,"href":"https:\/\/quantum.hitexis.com\/en\/wp-json\/wp\/v2\/media\/2297"}],"wp:attachment":[{"href":"https:\/\/quantum.hitexis.com\/en\/wp-json\/wp\/v2\/media?parent=2031"}],"wp:term":[{"taxonomy":"product_brand","embeddable":true,"href":"https:\/\/quantum.hitexis.com\/en\/wp-json\/wp\/v2\/product_brand?post=2031"},{"taxonomy":"product_cat","embeddable":true,"href":"https:\/\/quantum.hitexis.com\/en\/wp-json\/wp\/v2\/product_cat?post=2031"},{"taxonomy":"product_tag","embeddable":true,"href":"https:\/\/quantum.hitexis.com\/en\/wp-json\/wp\/v2\/product_tag?post=2031"}],"curies":[{"name":"wp","href":"https:\/\/api.w.org\/{rel}","templated":true}]}}