{"id":1993,"date":"2025-11-07T09:48:50","date_gmt":"2025-11-07T09:48:50","guid":{"rendered":"https:\/\/quantum.hitexis.com\/?post_type=product&#038;p=1993"},"modified":"2025-12-03T14:58:21","modified_gmt":"2025-12-03T14:58:21","slug":"superkritiska-skiduma-hromatografija-agilent-infinity-iii-sfc-uhplc-hibrida-sistema","status":"publish","type":"product","link":"https:\/\/quantum.hitexis.com\/en\/product\/superkritiska-skiduma-hromatografija-agilent-infinity-iii-sfc-uhplc-hibrida-sistema\/","title":{"rendered":"Supercritical Fluid Chromatography Agilent Infinity III SFC\/UHPLC Hybrid System"},"content":{"rendered":"<p>1260 Infinity III SFC sist\u0113ma ir superkritisk\u0101s \u0161\u0137idruma hromatogr\u0101fijas (SFC) risin\u0101jums, kas atbalsta spiedienu l\u012bdz 600 b\u0101riem ar pl\u016bsmas \u0101trumu l\u012bdz 5 ml\/min. T\u0101s inovat\u012bv\u0101 padeves injekcijas tehnolo\u0123ija nodro\u0161ina reproduc\u0113jamas injekcijas pla\u0161\u0101 diapazon\u0101.<\/p>\n<p><a href=\"https:\/\/www.agilent.com\/en\/product\/liquid-chromatography\/hplc-systems\/sfc-solutions\/1260-sfc-system\">https:\/\/www.agilent.com\/en\/product\/liquid-chromatography\/hplc-systems\/sfc-solutions\/1260-sfc-system<\/a><\/p>","protected":false},"excerpt":{"rendered":"<p>1260 Infinity III SFC sist\u0113ma ir superkritisk\u0101s \u0161\u0137idruma hromatogr\u0101fijas (SFC) risin\u0101jums, kas atbalsta spiedienu l\u012bdz 600 b\u0101riem ar pl\u016bsmas \u0101trumu l\u012bdz 5 ml\/min. T\u0101s inovat\u012bv\u0101 padeves injekcijas tehnolo\u0123ija nodro\u0161ina reproduc\u0113jamas injekcijas pla\u0161\u0101 diapazon\u0101. https:\/\/www.agilent.com\/en\/product\/liquid-chromatography\/hplc-systems\/sfc-solutions\/1260-sfc-system<\/p>","protected":false},"featured_media":2297,"comment_status":"closed","ping_status":"closed","template":"","meta":[],"product_brand":[],"product_cat":[63],"product_tag":[],"class_list":{"0":"post-1993","1":"product","2":"type-product","3":"status-publish","4":"has-post-thumbnail","6":"product_cat-skidrumu-hromatografija-hplc-uhplc","8":"first","9":"instock","10":"shipping-taxable","11":"product-type-simple"},"_links":{"self":[{"href":"https:\/\/quantum.hitexis.com\/en\/wp-json\/wp\/v2\/product\/1993","targetHints":{"allow":["GET"]}}],"collection":[{"href":"https:\/\/quantum.hitexis.com\/en\/wp-json\/wp\/v2\/product"}],"about":[{"href":"https:\/\/quantum.hitexis.com\/en\/wp-json\/wp\/v2\/types\/product"}],"replies":[{"embeddable":true,"href":"https:\/\/quantum.hitexis.com\/en\/wp-json\/wp\/v2\/comments?post=1993"}],"wp:featuredmedia":[{"embeddable":true,"href":"https:\/\/quantum.hitexis.com\/en\/wp-json\/wp\/v2\/media\/2297"}],"wp:attachment":[{"href":"https:\/\/quantum.hitexis.com\/en\/wp-json\/wp\/v2\/media?parent=1993"}],"wp:term":[{"taxonomy":"product_brand","embeddable":true,"href":"https:\/\/quantum.hitexis.com\/en\/wp-json\/wp\/v2\/product_brand?post=1993"},{"taxonomy":"product_cat","embeddable":true,"href":"https:\/\/quantum.hitexis.com\/en\/wp-json\/wp\/v2\/product_cat?post=1993"},{"taxonomy":"product_tag","embeddable":true,"href":"https:\/\/quantum.hitexis.com\/en\/wp-json\/wp\/v2\/product_tag?post=1993"}],"curies":[{"name":"wp","href":"https:\/\/api.w.org\/{rel}","templated":true}]}}