{"id":1990,"date":"2025-11-07T09:46:02","date_gmt":"2025-11-07T09:46:02","guid":{"rendered":"https:\/\/quantum.hitexis.com\/?post_type=product&#038;p=1990"},"modified":"2025-12-03T14:59:26","modified_gmt":"2025-12-03T14:59:26","slug":"agilent-infinity-iii-skidrumu-hromatografi-hplc-uhplc","status":"publish","type":"product","link":"https:\/\/quantum.hitexis.com\/en\/product\/agilent-infinity-iii-skidrumu-hromatografi-hplc-uhplc\/","title":{"rendered":"Agilent Infinity III liquid chromatographs HPLC, UHPLC"},"content":{"rendered":"<p>Agilent HPLC un UHPLC sist\u0113mas ar modul\u0101r\u0101m konfigur\u0101cij\u0101m nodro\u0161ina fleksibilit\u0101ti, lai izv\u0113l\u0113tos lab\u0101ko variantu un nodro\u0161in\u0101tu optim\u0101lu darb\u012bbas efektivit\u0101ti.<\/p>\n<p><a href=\"https:\/\/www.agilent.com\/en\/product\/liquid-chromatography\/hplc-systems\/analytical-hplc-systems\">https:\/\/www.agilent.com\/en\/product\/liquid-chromatography\/hplc-systems\/analytical-hplc-systems<\/a><\/p>","protected":false},"excerpt":{"rendered":"<p>Agilent HPLC un UHPLC sist\u0113mas ar modul\u0101r\u0101m konfigur\u0101cij\u0101m nodro\u0161ina fleksibilit\u0101ti, lai izv\u0113l\u0113tos lab\u0101ko variantu un nodro\u0161in\u0101tu optim\u0101lu darb\u012bbas efektivit\u0101ti. https:\/\/www.agilent.com\/en\/product\/liquid-chromatography\/hplc-systems\/analytical-hplc-systems<\/p>","protected":false},"featured_media":2297,"comment_status":"closed","ping_status":"closed","template":"","meta":[],"product_brand":[],"product_cat":[63],"product_tag":[],"class_list":{"0":"post-1990","1":"product","2":"type-product","3":"status-publish","4":"has-post-thumbnail","6":"product_cat-skidrumu-hromatografija-hplc-uhplc","8":"first","9":"instock","10":"shipping-taxable","11":"product-type-simple"},"_links":{"self":[{"href":"https:\/\/quantum.hitexis.com\/en\/wp-json\/wp\/v2\/product\/1990","targetHints":{"allow":["GET"]}}],"collection":[{"href":"https:\/\/quantum.hitexis.com\/en\/wp-json\/wp\/v2\/product"}],"about":[{"href":"https:\/\/quantum.hitexis.com\/en\/wp-json\/wp\/v2\/types\/product"}],"replies":[{"embeddable":true,"href":"https:\/\/quantum.hitexis.com\/en\/wp-json\/wp\/v2\/comments?post=1990"}],"wp:featuredmedia":[{"embeddable":true,"href":"https:\/\/quantum.hitexis.com\/en\/wp-json\/wp\/v2\/media\/2297"}],"wp:attachment":[{"href":"https:\/\/quantum.hitexis.com\/en\/wp-json\/wp\/v2\/media?parent=1990"}],"wp:term":[{"taxonomy":"product_brand","embeddable":true,"href":"https:\/\/quantum.hitexis.com\/en\/wp-json\/wp\/v2\/product_brand?post=1990"},{"taxonomy":"product_cat","embeddable":true,"href":"https:\/\/quantum.hitexis.com\/en\/wp-json\/wp\/v2\/product_cat?post=1990"},{"taxonomy":"product_tag","embeddable":true,"href":"https:\/\/quantum.hitexis.com\/en\/wp-json\/wp\/v2\/product_tag?post=1990"}],"curies":[{"name":"wp","href":"https:\/\/api.w.org\/{rel}","templated":true}]}}