{"id":1988,"date":"2025-11-07T09:44:19","date_gmt":"2025-11-07T09:44:19","guid":{"rendered":"https:\/\/quantum.hitexis.com\/?post_type=product&#038;p=1988"},"modified":"2025-12-03T14:59:55","modified_gmt":"2025-12-03T14:59:55","slug":"agilent-gc-sistemas","status":"publish","type":"product","link":"https:\/\/quantum.hitexis.com\/en\/product\/agilent-gc-sistemas\/","title":{"rendered":"Agilent GC systems"},"content":{"rendered":"<p>Agilent g\u0101zu hromatogr\u0101fijas sist\u0113mas apvieno inovat\u012bvas tehnolo\u0123ijas, instrumentu intelektu un le\u0123end\u0101ru uzticam\u012bbu, lai apmierin\u0101tu anal\u012btisko testu un p\u0113tniec\u012bbas laboratoriju vajadz\u012bbas pla\u0161\u0101 pielietojumu kl\u0101st\u0101, piem\u0113ram, vides, p\u0101rtikas nekait\u012bguma, krimin\u0101listikas, ener\u0123\u0113tikas un \u0137\u012bmisko vielu un cit\u0101s jom\u0101s. Integr\u0113t\u0101 instrumentu intelekta sist\u0113ma pal\u012bdz nov\u0113rst g\u0101zu hromatogr\u0101fijas probl\u0113mas, pirms t\u0101s ietekm\u0113 hromatogr\u0101fijas veiktsp\u0113ju, lai optimiz\u0113tu darb\u012bbas laiku, ekspluat\u0101cijas izmaksas un rezult\u0101tu p\u0101rliec\u012bbu.<\/p>\n<p><a href=\"https:\/\/www.agilent.com\/en\/product\/gas-chromatography\">https:\/\/www.agilent.com\/en\/product\/gas-chromatography<\/a><\/p>","protected":false},"excerpt":{"rendered":"<p>Agilent g\u0101zu hromatogr\u0101fijas sist\u0113mas apvieno inovat\u012bvas tehnolo\u0123ijas, instrumentu intelektu un le\u0123end\u0101ru uzticam\u012bbu, lai apmierin\u0101tu anal\u012btisko testu un p\u0113tniec\u012bbas laboratoriju vajadz\u012bbas pla\u0161\u0101 pielietojumu kl\u0101st\u0101, piem\u0113ram, vides, p\u0101rtikas nekait\u012bguma, krimin\u0101listikas, ener\u0123\u0113tikas un \u0137\u012bmisko vielu un cit\u0101s jom\u0101s. Integr\u0113t\u0101 instrumentu intelekta sist\u0113ma pal\u012bdz nov\u0113rst g\u0101zu hromatogr\u0101fijas probl\u0113mas, pirms t\u0101s ietekm\u0113 hromatogr\u0101fijas veiktsp\u0113ju, lai optimiz\u0113tu darb\u012bbas laiku, ekspluat\u0101cijas izmaksas [&hellip;]<\/p>","protected":false},"featured_media":2297,"comment_status":"closed","ping_status":"closed","template":"","meta":[],"product_brand":[],"product_cat":[62],"product_tag":[],"class_list":{"0":"post-1988","1":"product","2":"type-product","3":"status-publish","4":"has-post-thumbnail","6":"product_cat-gazu-hromatografija-gc","8":"first","9":"instock","10":"shipping-taxable","11":"product-type-simple"},"_links":{"self":[{"href":"https:\/\/quantum.hitexis.com\/en\/wp-json\/wp\/v2\/product\/1988","targetHints":{"allow":["GET"]}}],"collection":[{"href":"https:\/\/quantum.hitexis.com\/en\/wp-json\/wp\/v2\/product"}],"about":[{"href":"https:\/\/quantum.hitexis.com\/en\/wp-json\/wp\/v2\/types\/product"}],"replies":[{"embeddable":true,"href":"https:\/\/quantum.hitexis.com\/en\/wp-json\/wp\/v2\/comments?post=1988"}],"wp:featuredmedia":[{"embeddable":true,"href":"https:\/\/quantum.hitexis.com\/en\/wp-json\/wp\/v2\/media\/2297"}],"wp:attachment":[{"href":"https:\/\/quantum.hitexis.com\/en\/wp-json\/wp\/v2\/media?parent=1988"}],"wp:term":[{"taxonomy":"product_brand","embeddable":true,"href":"https:\/\/quantum.hitexis.com\/en\/wp-json\/wp\/v2\/product_brand?post=1988"},{"taxonomy":"product_cat","embeddable":true,"href":"https:\/\/quantum.hitexis.com\/en\/wp-json\/wp\/v2\/product_cat?post=1988"},{"taxonomy":"product_tag","embeddable":true,"href":"https:\/\/quantum.hitexis.com\/en\/wp-json\/wp\/v2\/product_tag?post=1988"}],"curies":[{"name":"wp","href":"https:\/\/api.w.org\/{rel}","templated":true}]}}