{"id":1983,"date":"2025-11-07T09:38:40","date_gmt":"2025-11-07T09:38:40","guid":{"rendered":"https:\/\/quantum.hitexis.com\/?post_type=product&#038;p=1983"},"modified":"2025-12-03T15:00:35","modified_gmt":"2025-12-03T15:00:35","slug":"interchim-puriflash-hromatografi","status":"publish","type":"product","link":"https:\/\/quantum.hitexis.com\/en\/product\/interchim-puriflash-hromatografi\/","title":{"rendered":"Interchim PuriFlash chromatographs"},"content":{"rendered":"<p>Ide\u0101li piem\u0113rots augstas caurlaidsp\u0113jas laboratorij\u0101m, puriFlash\u00ae XS 530 pied\u0101v\u0101 pusprepar\u0101cijas m\u0113roga att\u012br\u012b\u0161anu ar maz\u0101ko sist\u0113mas izm\u0113ru. Ar 300 ml\/min pie 30 b\u0101riem tiek samazin\u0101ts darb\u012bbas laiks un tiek palielin\u0101ta t\u012br\u012bba.<\/p>\n<p><a href=\"https:\/\/www.interchim.com\/pp\/2595\/puriflash-xs-530.html\">https:\/\/www.interchim.com\/pp\/2595\/puriflash-xs-530.html<\/a><\/p>","protected":false},"excerpt":{"rendered":"<p>Ide\u0101li piem\u0113rots augstas caurlaidsp\u0113jas laboratorij\u0101m, puriFlash\u00ae XS 530 pied\u0101v\u0101 pusprepar\u0101cijas m\u0113roga att\u012br\u012b\u0161anu ar maz\u0101ko sist\u0113mas izm\u0113ru. Ar 300 ml\/min pie 30 b\u0101riem tiek samazin\u0101ts darb\u012bbas laiks un tiek palielin\u0101ta t\u012br\u012bba. https:\/\/www.interchim.com\/pp\/2595\/puriflash-xs-530.html<\/p>","protected":false},"featured_media":2297,"comment_status":"closed","ping_status":"closed","template":"","meta":[],"product_brand":[],"product_cat":[88],"product_tag":[],"class_list":{"0":"post-1983","1":"product","2":"type-product","3":"status-publish","4":"has-post-thumbnail","6":"product_cat-interchim-hromatografi","8":"first","9":"instock","10":"shipping-taxable","11":"product-type-simple"},"_links":{"self":[{"href":"https:\/\/quantum.hitexis.com\/en\/wp-json\/wp\/v2\/product\/1983","targetHints":{"allow":["GET"]}}],"collection":[{"href":"https:\/\/quantum.hitexis.com\/en\/wp-json\/wp\/v2\/product"}],"about":[{"href":"https:\/\/quantum.hitexis.com\/en\/wp-json\/wp\/v2\/types\/product"}],"replies":[{"embeddable":true,"href":"https:\/\/quantum.hitexis.com\/en\/wp-json\/wp\/v2\/comments?post=1983"}],"wp:featuredmedia":[{"embeddable":true,"href":"https:\/\/quantum.hitexis.com\/en\/wp-json\/wp\/v2\/media\/2297"}],"wp:attachment":[{"href":"https:\/\/quantum.hitexis.com\/en\/wp-json\/wp\/v2\/media?parent=1983"}],"wp:term":[{"taxonomy":"product_brand","embeddable":true,"href":"https:\/\/quantum.hitexis.com\/en\/wp-json\/wp\/v2\/product_brand?post=1983"},{"taxonomy":"product_cat","embeddable":true,"href":"https:\/\/quantum.hitexis.com\/en\/wp-json\/wp\/v2\/product_cat?post=1983"},{"taxonomy":"product_tag","embeddable":true,"href":"https:\/\/quantum.hitexis.com\/en\/wp-json\/wp\/v2\/product_tag?post=1983"}],"curies":[{"name":"wp","href":"https:\/\/api.w.org\/{rel}","templated":true}]}}