{"id":1964,"date":"2025-11-07T09:24:44","date_gmt":"2025-11-07T09:24:44","guid":{"rendered":"https:\/\/quantum.hitexis.com\/?post_type=product&#038;p=1964"},"modified":"2025-12-03T15:02:52","modified_gmt":"2025-12-03T15:02:52","slug":"slapekla-generatori","status":"publish","type":"product","link":"https:\/\/quantum.hitexis.com\/en\/product\/slapekla-generatori\/","title":{"rendered":"Nitrogen generators"},"content":{"rendered":"<p>Augstas t\u012br\u012bbas pak\u0101pes sl\u0101pek\u013ca \u0123eneratori, kas atbalsta j\u016bsu anal\u012btiskos instrumentus.<\/p>\n<p><a href=\"https:\/\/www.peakscientific.com\/products\/nitrogen\/\">https:\/\/www.peakscientific.com\/products\/nitrogen\/<\/a><\/p>","protected":false},"excerpt":{"rendered":"<p>Augstas t\u012br\u012bbas pak\u0101pes sl\u0101pek\u013ca \u0123eneratori, kas atbalsta j\u016bsu anal\u012btiskos instrumentus. https:\/\/www.peakscientific.com\/products\/nitrogen\/<\/p>","protected":false},"featured_media":2297,"comment_status":"closed","ping_status":"closed","template":"","meta":[],"product_brand":[],"product_cat":[55],"product_tag":[],"class_list":{"0":"post-1964","1":"product","2":"type-product","3":"status-publish","4":"has-post-thumbnail","6":"product_cat-gazu-generatori","8":"first","9":"instock","10":"shipping-taxable","11":"product-type-simple"},"_links":{"self":[{"href":"https:\/\/quantum.hitexis.com\/en\/wp-json\/wp\/v2\/product\/1964","targetHints":{"allow":["GET"]}}],"collection":[{"href":"https:\/\/quantum.hitexis.com\/en\/wp-json\/wp\/v2\/product"}],"about":[{"href":"https:\/\/quantum.hitexis.com\/en\/wp-json\/wp\/v2\/types\/product"}],"replies":[{"embeddable":true,"href":"https:\/\/quantum.hitexis.com\/en\/wp-json\/wp\/v2\/comments?post=1964"}],"wp:featuredmedia":[{"embeddable":true,"href":"https:\/\/quantum.hitexis.com\/en\/wp-json\/wp\/v2\/media\/2297"}],"wp:attachment":[{"href":"https:\/\/quantum.hitexis.com\/en\/wp-json\/wp\/v2\/media?parent=1964"}],"wp:term":[{"taxonomy":"product_brand","embeddable":true,"href":"https:\/\/quantum.hitexis.com\/en\/wp-json\/wp\/v2\/product_brand?post=1964"},{"taxonomy":"product_cat","embeddable":true,"href":"https:\/\/quantum.hitexis.com\/en\/wp-json\/wp\/v2\/product_cat?post=1964"},{"taxonomy":"product_tag","embeddable":true,"href":"https:\/\/quantum.hitexis.com\/en\/wp-json\/wp\/v2\/product_tag?post=1964"}],"curies":[{"name":"wp","href":"https:\/\/api.w.org\/{rel}","templated":true}]}}