{"id":669,"date":"2025-06-19T10:03:46","date_gmt":"2025-06-19T10:03:46","guid":{"rendered":"https:\/\/shtheme.com\/demosd\/insuren\/?page_id=669"},"modified":"2025-12-01T10:49:22","modified_gmt":"2025-12-01T10:49:22","slug":"produkti","status":"publish","type":"page","link":"https:\/\/quantum.hitexis.com\/en\/produkti\/","title":{"rendered":"Products"},"content":{"rendered":"<div data-elementor-type=\"wp-page\" data-elementor-id=\"669\" class=\"elementor elementor-669\" data-elementor-post-type=\"page\">\n\t\t\t\t<div class=\"elementor-element elementor-element-ea53a12 e-flex e-con-boxed e-con e-parent\" data-id=\"ea53a12\" data-element_type=\"container\" data-settings=\"{&quot;background_background&quot;:&quot;classic&quot;}\">\n\t\t\t\t\t<div class=\"e-con-inner\">\n\t\t<div class=\"elementor-element elementor-element-2ff4068 e-con-full e-flex e-con e-child\" data-id=\"2ff4068\" data-element_type=\"container\" data-settings=\"{&quot;background_background&quot;:&quot;classic&quot;}\">\n\t\t\t\t<div class=\"elementor-element elementor-element-12a0c9c elementor-widget elementor-widget-heading\" data-id=\"12a0c9c\" data-element_type=\"widget\" data-widget_type=\"heading.default\">\n\t\t\t\t\t<h2 class=\"elementor-heading-title elementor-size-default\">Product catalog<\/h2>\t\t\t\t<\/div>\n\t\t\t\t<div class=\"elementor-element elementor-element-e7e5616 elementor-widget elementor-widget-woocommerce-breadcrumb\" data-id=\"e7e5616\" data-element_type=\"widget\" data-widget_type=\"woocommerce-breadcrumb.default\">\n\t\t\t\t\t<nav class=\"woocommerce-breadcrumb\" aria-label=\"Breadcrumb\" data-no-translation=\"\" data-trp-gettext=\"\">Home<\/nav>\t\t\t\t<\/div>\n\t\t\t\t<div class=\"elementor-element elementor-element-65afacb elementor-widget elementor-widget-text-editor\" data-id=\"65afacb\" data-element_type=\"widget\" data-widget_type=\"text-editor.default\">\n\t\t\t\t\t\t\t\t\t<p>Quantum Latvia<\/p>\t\t\t\t\t\t\t\t<\/div>\n\t\t\t\t<\/div>\n\t\t\t\t\t<\/div>\n\t\t\t\t<\/div>\n\t\t<div class=\"elementor-element elementor-element-045808e e-flex e-con-boxed e-con e-parent\" data-id=\"045808e\" data-element_type=\"container\" data-settings=\"{&quot;background_background&quot;:&quot;classic&quot;}\">\n\t\t\t\t\t<div class=\"e-con-inner\">\n\t\t\t\t<div class=\"elementor-element elementor-element-5ee5945 elementor-product-loop-item--align-center elementor-grid-4 elementor-grid-tablet-3 elementor-grid-mobile-2 elementor-products-grid elementor-wc-products elementor-widget elementor-widget-wc-categories\" data-id=\"5ee5945\" data-element_type=\"widget\" data-widget_type=\"wc-categories.default\">\n\t\t\t\t\t<div class=\"woocommerce columns-4\"><ul class=\"products elementor-grid columns-4\">\n<li class=\"product-category product first\">\n\t<a aria-label=\"Visit product category Agilent hromatogr\u0101fi\" href=\"https:\/\/quantum.hitexis.com\/en\/product-category\/hromatografija\/agilent-hromatografi\/\" data-no-translation-aria-label=\"\"><img fetchpriority=\"high\" decoding=\"async\" src=\"https:\/\/quantum.hitexis.com\/wp-content\/uploads\/woocommerce-placeholder-300x300.webp\" alt=\"Agilent hromatogr\u0101fi\" width=\"300\" height=\"300\" \/>\t\t<h2 class=\"woocommerce-loop-category__title\">\n\t\t\tAgilent chromatographs <mark class=\"count\">(9)<\/mark>\t\t<\/h2>\n\t\t<\/a><\/li>\n<li class=\"product-category product\">\n\t<a aria-label=\"Visit product category Atomspektroskopija\" href=\"https:\/\/quantum.hitexis.com\/en\/product-category\/atomspektroskopija\/\" data-no-translation-aria-label=\"\"><img decoding=\"async\" src=\"https:\/\/quantum.hitexis.com\/wp-content\/uploads\/woocommerce-placeholder-300x300.webp\" alt=\"Atomspektroskopija\" width=\"300\" height=\"300\" \/>\t\t<h2 class=\"woocommerce-loop-category__title\">\n\t\t\tAtomic spectroscopy <mark class=\"count\">(5)<\/mark>\t\t<\/h2>\n\t\t<\/a><\/li>\n<li class=\"product-category product\">\n\t<a aria-label=\"Visit product category Bioprocess\" href=\"https:\/\/quantum.hitexis.com\/en\/product-category\/bioprocess\/\" data-no-translation-aria-label=\"\"><img decoding=\"async\" src=\"https:\/\/quantum.hitexis.com\/wp-content\/uploads\/woocommerce-placeholder-300x300.webp\" alt=\"Bioprocess\" width=\"300\" height=\"300\" \/>\t\t<h2 class=\"woocommerce-loop-category__title\">\n\t\t\tBioprocess <mark class=\"count\">(1)<\/mark>\t\t<\/h2>\n\t\t<\/a><\/li>\n<li class=\"product-category product last\">\n\t<a aria-label=\"Visit product category Centrifug\u0113\u0161ana\" href=\"https:\/\/quantum.hitexis.com\/en\/product-category\/centrifugesana\/\" data-no-translation-aria-label=\"\"><img loading=\"lazy\" decoding=\"async\" src=\"https:\/\/quantum.hitexis.com\/wp-content\/uploads\/woocommerce-placeholder-300x300.webp\" alt=\"Centrifug\u0113\u0161ana\" width=\"300\" height=\"300\" \/>\t\t<h2 class=\"woocommerce-loop-category__title\">\n\t\t\tCentrifugation <mark class=\"count\">(5)<\/mark>\t\t<\/h2>\n\t\t<\/a><\/li>\n<li class=\"product-category product first\">\n\t<a aria-label=\"Visit product category Galda centrif\u016bgas\" href=\"https:\/\/quantum.hitexis.com\/en\/product-category\/centrifugesana\/galda-centrifugas\/\" data-no-translation-aria-label=\"\"><img loading=\"lazy\" decoding=\"async\" src=\"https:\/\/quantum.hitexis.com\/wp-content\/uploads\/woocommerce-placeholder-300x300.webp\" alt=\"Galda centrif\u016bgas\" width=\"300\" height=\"300\" \/>\t\t<h2 class=\"woocommerce-loop-category__title\">\n\t\t\tBenchtop centrifuges <mark class=\"count\">(2)<\/mark>\t\t<\/h2>\n\t\t<\/a><\/li>\n<li class=\"product-category product\">\n\t<a aria-label=\"Visit product category G\u0101zu \u0123ener\u0101tori\" href=\"https:\/\/quantum.hitexis.com\/en\/product-category\/gazu-generatori\/\" data-no-translation-aria-label=\"\"><img loading=\"lazy\" decoding=\"async\" src=\"https:\/\/quantum.hitexis.com\/wp-content\/uploads\/woocommerce-placeholder-300x300.webp\" alt=\"G\u0101zu \u0123ener\u0101tori\" width=\"300\" height=\"300\" \/>\t\t<h2 class=\"woocommerce-loop-category__title\">\n\t\t\tGas generators <mark class=\"count\">(6)<\/mark>\t\t<\/h2>\n\t\t<\/a><\/li>\n<li class=\"product-category product\">\n\t<a aria-label=\"Visit product category G\u0101zu hromatogr\u0101fija GC\" href=\"https:\/\/quantum.hitexis.com\/en\/product-category\/hromatografija\/agilent-hromatografi\/gazu-hromatografija-gc\/\" data-no-translation-aria-label=\"\"><img loading=\"lazy\" decoding=\"async\" src=\"https:\/\/quantum.hitexis.com\/wp-content\/uploads\/woocommerce-placeholder-300x300.webp\" alt=\"G\u0101zu hromatogr\u0101fija GC\" width=\"300\" height=\"300\" \/>\t\t<h2 class=\"woocommerce-loop-category__title\">\n\t\t\tGas chromatography GC <mark class=\"count\">(2)<\/mark>\t\t<\/h2>\n\t\t<\/a><\/li>\n<li class=\"product-category product last\">\n\t<a aria-label=\"Visit product category Gr\u012bdas centrif\u016bgas\" href=\"https:\/\/quantum.hitexis.com\/en\/product-category\/centrifugesana\/gridas-centrifugas\/\" data-no-translation-aria-label=\"\"><img loading=\"lazy\" decoding=\"async\" src=\"https:\/\/quantum.hitexis.com\/wp-content\/uploads\/woocommerce-placeholder-300x300.webp\" alt=\"Gr\u012bdas centrif\u016bgas\" width=\"300\" height=\"300\" \/>\t\t<h2 class=\"woocommerce-loop-category__title\">\n\t\t\tFloor-standing centrifuges <mark class=\"count\">(3)<\/mark>\t\t<\/h2>\n\t\t<\/a><\/li>\n<li class=\"product-category product first\">\n\t<a aria-label=\"Visit product category Histolo\u0123ijas instrumenti un rea\u0123enti\" href=\"https:\/\/quantum.hitexis.com\/en\/product-category\/histologijas-instrumenti-un-reagenti\/\" data-no-translation-aria-label=\"\"><img loading=\"lazy\" decoding=\"async\" src=\"https:\/\/quantum.hitexis.com\/wp-content\/uploads\/woocommerce-placeholder-300x300.webp\" alt=\"Histolo\u0123ijas instrumenti un rea\u0123enti\" width=\"300\" height=\"300\" \/>\t\t<h2 class=\"woocommerce-loop-category__title\">\n\t\t\tHistology instruments and reagents <mark class=\"count\">(7)<\/mark>\t\t<\/h2>\n\t\t<\/a><\/li>\n<li class=\"product-category product\">\n\t<a aria-label=\"Visit product category Hromatogr\u0101fija\" href=\"https:\/\/quantum.hitexis.com\/en\/product-category\/hromatografija\/\" data-no-translation-aria-label=\"\"><img loading=\"lazy\" decoding=\"async\" src=\"https:\/\/quantum.hitexis.com\/wp-content\/uploads\/woocommerce-placeholder-300x300.webp\" alt=\"Hromatogr\u0101fija\" width=\"300\" height=\"300\" \/>\t\t<h2 class=\"woocommerce-loop-category__title\">\n\t\t\tChromatography <mark class=\"count\">(15)<\/mark>\t\t<\/h2>\n\t\t<\/a><\/li>\n<li class=\"product-category product\">\n\t<a aria-label=\"Visit product category Hromatogr\u0101fijas kolonnas\" href=\"https:\/\/quantum.hitexis.com\/en\/product-category\/hromatografija\/hromatografijas-kolonnas\/\" data-no-translation-aria-label=\"\"><img loading=\"lazy\" decoding=\"async\" src=\"https:\/\/quantum.hitexis.com\/wp-content\/uploads\/woocommerce-placeholder-300x300.webp\" alt=\"Hromatogr\u0101fijas kolonnas\" width=\"300\" height=\"300\" \/>\t\t<h2 class=\"woocommerce-loop-category__title\">\n\t\t\tChromatography columns <mark class=\"count\">(4)<\/mark>\t\t<\/h2>\n\t\t<\/a><\/li>\n<li class=\"product-category product last\">\n\t<a aria-label=\"Visit product category Interchim hromatogr\u0101fi\" href=\"https:\/\/quantum.hitexis.com\/en\/product-category\/hromatografija\/interchim-hromatografi\/\" data-no-translation-aria-label=\"\"><img loading=\"lazy\" decoding=\"async\" src=\"https:\/\/quantum.hitexis.com\/wp-content\/uploads\/woocommerce-placeholder-300x300.webp\" alt=\"Interchim hromatogr\u0101fi\" width=\"300\" height=\"300\" \/>\t\t<h2 class=\"woocommerce-loop-category__title\">\n\t\t\tInterchim chromatographs <mark class=\"count\">(1)<\/mark>\t\t<\/h2>\n\t\t<\/a><\/li>\n<li class=\"product-category product first\">\n\t<a aria-label=\"Visit product category Kapill\u0101r\u0101 elektrofor\u0113ze CE\" href=\"https:\/\/quantum.hitexis.com\/en\/product-category\/hromatografija\/agilent-hromatografi\/kapillara-elektroforeze-ce\/\" data-no-translation-aria-label=\"\"><img loading=\"lazy\" decoding=\"async\" src=\"https:\/\/quantum.hitexis.com\/wp-content\/uploads\/woocommerce-placeholder-300x300.webp\" alt=\"Kapill\u0101r\u0101 elektrofor\u0113ze CE\" width=\"300\" height=\"300\" \/>\t\t<h2 class=\"woocommerce-loop-category__title\">\n\t\t\tCapillary electrophoresis CE <mark class=\"count\">(1)<\/mark>\t\t<\/h2>\n\t\t<\/a><\/li>\n<li class=\"product-category product\">\n\t<a aria-label=\"Visit product category \u0136\u012bmisk\u0101s vielas\" href=\"https:\/\/quantum.hitexis.com\/en\/product-category\/kimiskas-vielas\/\" data-no-translation-aria-label=\"\"><img loading=\"lazy\" decoding=\"async\" src=\"https:\/\/quantum.hitexis.com\/wp-content\/uploads\/woocommerce-placeholder-300x300.webp\" alt=\"\u0136\u012bmisk\u0101s vielas\" width=\"300\" height=\"300\" \/>\t\t<h2 class=\"woocommerce-loop-category__title\">\n\t\t\tChemicals <mark class=\"count\">(4)<\/mark>\t\t<\/h2>\n\t\t<\/a><\/li>\n<li class=\"product-category product\">\n\t<a aria-label=\"Visit product category Laboratorijas apr\u012bkojums un instrumenti\" href=\"https:\/\/quantum.hitexis.com\/en\/product-category\/laboratorijas-aprikojums-un-instrumenti\/\" data-no-translation-aria-label=\"\"><img loading=\"lazy\" decoding=\"async\" src=\"https:\/\/quantum.hitexis.com\/wp-content\/uploads\/woocommerce-placeholder-300x300.webp\" alt=\"Laboratorijas apr\u012bkojums un instrumenti\" width=\"300\" height=\"300\" \/>\t\t<h2 class=\"woocommerce-loop-category__title\">\n\t\t\tLaboratory equipment and instruments <mark class=\"count\">(11)<\/mark>\t\t<\/h2>\n\t\t<\/a><\/li>\n<li class=\"product-category product last\">\n\t<a aria-label=\"Visit product category Laboratorijas m\u0113beles un velkmes skapji\" href=\"https:\/\/quantum.hitexis.com\/en\/product-category\/laboratorijas-mebeles-un-velkmes-skapji\/\" data-no-translation-aria-label=\"\"><img loading=\"lazy\" decoding=\"async\" src=\"https:\/\/quantum.hitexis.com\/wp-content\/uploads\/woocommerce-placeholder-300x300.webp\" alt=\"Laboratorijas m\u0113beles un velkmes skapji\" width=\"300\" height=\"300\" \/>\t\t<h2 class=\"woocommerce-loop-category__title\">\n\t\t\tLaboratory furniture and fume cupboards <mark class=\"count\">(4)<\/mark>\t\t<\/h2>\n\t\t<\/a><\/li>\n<li class=\"product-category product first\">\n\t<a aria-label=\"Visit product category Laboratorijas pal\u012bgmateri\u0101li\" href=\"https:\/\/quantum.hitexis.com\/en\/product-category\/laboratorijas-paligmateriali\/\" data-no-translation-aria-label=\"\"><img loading=\"lazy\" decoding=\"async\" src=\"https:\/\/quantum.hitexis.com\/wp-content\/uploads\/woocommerce-placeholder-300x300.webp\" alt=\"Laboratorijas pal\u012bgmateri\u0101li\" width=\"300\" height=\"300\" \/>\t\t<h2 class=\"woocommerce-loop-category__title\">\n\t\t\tLaboratory consumables <mark class=\"count\">(5)<\/mark>\t\t<\/h2>\n\t\t<\/a><\/li>\n<li class=\"product-category product\">\n\t<a aria-label=\"Visit product category Laboratorijas svari\" href=\"https:\/\/quantum.hitexis.com\/en\/product-category\/laboratorijas-svari\/\" data-no-translation-aria-label=\"\"><img loading=\"lazy\" decoding=\"async\" src=\"https:\/\/quantum.hitexis.com\/wp-content\/uploads\/woocommerce-placeholder-300x300.webp\" alt=\"Laboratorijas svari\" width=\"300\" height=\"300\" \/>\t\t<h2 class=\"woocommerce-loop-category__title\">\n\t\t\tLaboratory scales <mark class=\"count\">(5)<\/mark>\t\t<\/h2>\n\t\t<\/a><\/li>\n<li class=\"product-category product\">\n\t<a aria-label=\"Visit product category Masspektrometrija\" href=\"https:\/\/quantum.hitexis.com\/en\/product-category\/hromatografija\/agilent-hromatografi\/masspektrometrija\/\" data-no-translation-aria-label=\"\"><img loading=\"lazy\" decoding=\"async\" src=\"https:\/\/quantum.hitexis.com\/wp-content\/uploads\/woocommerce-placeholder-300x300.webp\" alt=\"Masspektrometrija\" width=\"300\" height=\"300\" \/>\t\t<h2 class=\"woocommerce-loop-category__title\">\n\t\t\tMass spectrometry <mark class=\"count\">(2)<\/mark>\t\t<\/h2>\n\t\t<\/a><\/li>\n<li class=\"product-category product last\">\n\t<a aria-label=\"Visit product category Mikrobiolo\u0123ija\" href=\"https:\/\/quantum.hitexis.com\/en\/product-category\/mikrobiologija\/\" data-no-translation-aria-label=\"\"><img loading=\"lazy\" decoding=\"async\" src=\"https:\/\/quantum.hitexis.com\/wp-content\/uploads\/woocommerce-placeholder-300x300.webp\" alt=\"Mikrobiolo\u0123ija\" width=\"300\" height=\"300\" \/>\t\t<h2 class=\"woocommerce-loop-category__title\">\n\t\t\tMicrobiology <mark class=\"count\">(4)<\/mark>\t\t<\/h2>\n\t\t<\/a><\/li>\n<li class=\"product-category product first\">\n\t<a aria-label=\"Visit product category Molekul\u0101r\u0101 spektroskopija\" href=\"https:\/\/quantum.hitexis.com\/en\/product-category\/molekulara-spektroskopija\/\" data-no-translation-aria-label=\"\"><img loading=\"lazy\" decoding=\"async\" src=\"https:\/\/quantum.hitexis.com\/wp-content\/uploads\/woocommerce-placeholder-300x300.webp\" alt=\"Molekul\u0101r\u0101 spektroskopija\" width=\"300\" height=\"300\" \/>\t\t<h2 class=\"woocommerce-loop-category__title\">\n\t\t\tMolecular spectroscopy <mark class=\"count\">(5)<\/mark>\t\t<\/h2>\n\t\t<\/a><\/li>\n<li class=\"product-category product\">\n\t<a aria-label=\"Visit product category Molekul\u0101r\u0101s biolo\u0123ijas instrumenti un rea\u0123enti\" href=\"https:\/\/quantum.hitexis.com\/en\/product-category\/molekularas-biologijas-instrumenti-un-reagenti\/\" data-no-translation-aria-label=\"\"><img loading=\"lazy\" decoding=\"async\" src=\"https:\/\/quantum.hitexis.com\/wp-content\/uploads\/woocommerce-placeholder-300x300.webp\" alt=\"Molekul\u0101r\u0101s biolo\u0123ijas instrumenti un rea\u0123enti\" width=\"300\" height=\"300\" \/>\t\t<h2 class=\"woocommerce-loop-category__title\">\n\t\t\tMolecular biology instruments and reagents <mark class=\"count\">(5)<\/mark>\t\t<\/h2>\n\t\t<\/a><\/li>\n<li class=\"product-category product\">\n\t<a aria-label=\"Visit product category Paraugu uzglab\u0101\u0161ana - Ledusskapji un sald\u0113tavas\" href=\"https:\/\/quantum.hitexis.com\/en\/product-category\/paraugu-uzglabasana-ledusskapji-un-saldetavas\/\" data-no-translation-aria-label=\"\"><img loading=\"lazy\" decoding=\"async\" src=\"https:\/\/quantum.hitexis.com\/wp-content\/uploads\/woocommerce-placeholder-300x300.webp\" alt=\"Paraugu uzglab\u0101\u0161ana - Ledusskapji un sald\u0113tavas\" width=\"300\" height=\"300\" \/>\t\t<h2 class=\"woocommerce-loop-category__title\">\n\t\t\tSample Storage - Refrigerators and Freezers <mark class=\"count\">(3)<\/mark>\t\t<\/h2>\n\t\t<\/a><\/li>\n<li class=\"product-category product last\">\n\t<a aria-label=\"Visit product category Reaktori un fermentatori\" href=\"https:\/\/quantum.hitexis.com\/en\/product-category\/reaktori-un-fermentatori\/\" data-no-translation-aria-label=\"\"><img loading=\"lazy\" decoding=\"async\" src=\"https:\/\/quantum.hitexis.com\/wp-content\/uploads\/woocommerce-placeholder-300x300.webp\" alt=\"Reaktori un fermentatori\" width=\"300\" height=\"300\" \/>\t\t<h2 class=\"woocommerce-loop-category__title\">\n\t\t\tReactors and fermenters <mark class=\"count\">(5)<\/mark>\t\t<\/h2>\n\t\t<\/a><\/li>\n<li class=\"product-category product first\">\n\t<a aria-label=\"Visit product category \u0160\u0137idrumu hromatogr\u0101fija HPLC, UHPLC\" href=\"https:\/\/quantum.hitexis.com\/en\/product-category\/hromatografija\/agilent-hromatografi\/skidrumu-hromatografija-hplc-uhplc\/\" data-no-translation-aria-label=\"\"><img loading=\"lazy\" decoding=\"async\" src=\"https:\/\/quantum.hitexis.com\/wp-content\/uploads\/woocommerce-placeholder-300x300.webp\" alt=\"\u0160\u0137idrumu hromatogr\u0101fija HPLC, UHPLC\" width=\"300\" height=\"300\" \/>\t\t<h2 class=\"woocommerce-loop-category__title\">\n\t\t\tLiquid chromatography HPLC, UHPLC <mark class=\"count\">(4)<\/mark>\t\t<\/h2>\n\t\t<\/a><\/li>\n<li class=\"product-category product\">\n\t<a aria-label=\"Visit product category \u0160\u016bnu biolo\u0123ijas instrumenti un rea\u0123enti\" href=\"https:\/\/quantum.hitexis.com\/en\/product-category\/sunu-biologijas-instrumenti-un-reagenti\/\" data-no-translation-aria-label=\"\"><img loading=\"lazy\" decoding=\"async\" src=\"https:\/\/quantum.hitexis.com\/wp-content\/uploads\/woocommerce-placeholder-300x300.webp\" alt=\"\u0160\u016bnu biolo\u0123ijas instrumenti un rea\u0123enti\" width=\"300\" height=\"300\" \/>\t\t<h2 class=\"woocommerce-loop-category__title\">\n\t\t\tCell biology instruments and reagents <mark class=\"count\">(10)<\/mark>\t\t<\/h2>\n\t\t<\/a><\/li>\n<li class=\"product-category product\">\n\t<a aria-label=\"Visit product category Termoskapji\" href=\"https:\/\/quantum.hitexis.com\/en\/product-category\/termoskapji\/\" data-no-translation-aria-label=\"\"><img loading=\"lazy\" decoding=\"async\" src=\"https:\/\/quantum.hitexis.com\/wp-content\/uploads\/woocommerce-placeholder-300x300.webp\" alt=\"Termoskapji\" width=\"300\" height=\"300\" \/>\t\t<h2 class=\"woocommerce-loop-category__title\">\n\t\t\tThermo cabinets <mark class=\"count\">(7)<\/mark>\t\t<\/h2>\n\t\t<\/a><\/li>\n<\/ul>\n<\/div>\t\t\t\t<\/div>\n\t\t\t\t\t<\/div>\n\t\t\t\t<\/div>\n\t\t\t\t<\/div>","protected":false},"excerpt":{"rendered":"<p>Produktu katalogs Quantum Latvija<\/p>","protected":false},"author":2,"featured_media":0,"parent":0,"menu_order":0,"comment_status":"closed","ping_status":"closed","template":"page-templates\/home.php","meta":{"footnotes":""},"class_list":["post-669","page","type-page","status-publish","hentry"],"_hostinger_reach_plugin_has_subscription_block":false,"_hostinger_reach_plugin_is_elementor":false,"_links":{"self":[{"href":"https:\/\/quantum.hitexis.com\/en\/wp-json\/wp\/v2\/pages\/669","targetHints":{"allow":["GET"]}}],"collection":[{"href":"https:\/\/quantum.hitexis.com\/en\/wp-json\/wp\/v2\/pages"}],"about":[{"href":"https:\/\/quantum.hitexis.com\/en\/wp-json\/wp\/v2\/types\/page"}],"author":[{"embeddable":true,"href":"https:\/\/quantum.hitexis.com\/en\/wp-json\/wp\/v2\/users\/2"}],"replies":[{"embeddable":true,"href":"https:\/\/quantum.hitexis.com\/en\/wp-json\/wp\/v2\/comments?post=669"}],"version-history":[{"count":50,"href":"https:\/\/quantum.hitexis.com\/en\/wp-json\/wp\/v2\/pages\/669\/revisions"}],"predecessor-version":[{"id":2454,"href":"https:\/\/quantum.hitexis.com\/en\/wp-json\/wp\/v2\/pages\/669\/revisions\/2454"}],"wp:attachment":[{"href":"https:\/\/quantum.hitexis.com\/en\/wp-json\/wp\/v2\/media?parent=669"}],"curies":[{"name":"wp","href":"https:\/\/api.w.org\/{rel}","templated":true}]}}