{"id":1271,"date":"2025-11-04T08:26:29","date_gmt":"2025-11-04T08:26:29","guid":{"rendered":"https:\/\/quantum.hitexis.com\/?page_id=1271"},"modified":"2025-11-07T07:55:56","modified_gmt":"2025-11-07T07:55:56","slug":"jaunumi","status":"publish","type":"page","link":"https:\/\/quantum.hitexis.com\/en\/jaunumi\/","title":{"rendered":"News"},"content":{"rendered":"<div data-elementor-type=\"wp-page\" data-elementor-id=\"1271\" class=\"elementor elementor-1271\" data-elementor-post-type=\"page\">\n\t\t\t\t<div class=\"elementor-element elementor-element-0c8fb1e e-flex e-con-boxed e-con e-parent\" data-id=\"0c8fb1e\" data-element_type=\"container\">\n\t\t\t\t\t<div class=\"e-con-inner\">\n\t\t\t\t<div class=\"elementor-element elementor-element-bf9bf9b elementor-widget elementor-widget-heading\" data-id=\"bf9bf9b\" data-element_type=\"widget\" data-widget_type=\"heading.default\">\n\t\t\t\t\t<h2 class=\"elementor-heading-title elementor-size-default\">News<\/h2>\t\t\t\t<\/div>\n\t\t\t\t<div class=\"elementor-element elementor-element-5b84ce7 elementor-widget elementor-widget-text-editor\" data-id=\"5b84ce7\" data-element_type=\"widget\" data-widget_type=\"text-editor.default\">\n\t\t\t\t\t\t\t\t\t<p>Quantum Latvia<\/p>\t\t\t\t\t\t\t\t<\/div>\n\t\t\t\t<div class=\"elementor-element elementor-element-db1fbbb elementor-widget elementor-widget-spacer\" data-id=\"db1fbbb\" data-element_type=\"widget\" data-widget_type=\"spacer.default\">\n\t\t\t\t\t\t\t<div class=\"elementor-spacer\">\n\t\t\t<div class=\"elementor-spacer-inner\"><\/div>\n\t\t<\/div>\n\t\t\t\t\t\t<\/div>\n\t\t\t\t<div class=\"elementor-element elementor-element-842127a elementor-posts--align-left q-news-grid elementor-grid-3 elementor-grid-tablet-2 elementor-grid-mobile-1 elementor-posts--thumbnail-top elementor-card-shadow-yes elementor-posts__hover-gradient elementor-widget elementor-widget-posts\" data-id=\"842127a\" data-element_type=\"widget\" data-settings=\"{&quot;cards_columns&quot;:&quot;3&quot;,&quot;cards_columns_tablet&quot;:&quot;2&quot;,&quot;cards_columns_mobile&quot;:&quot;1&quot;,&quot;cards_row_gap&quot;:{&quot;unit&quot;:&quot;px&quot;,&quot;size&quot;:35,&quot;sizes&quot;:[]},&quot;cards_row_gap_tablet&quot;:{&quot;unit&quot;:&quot;px&quot;,&quot;size&quot;:&quot;&quot;,&quot;sizes&quot;:[]},&quot;cards_row_gap_mobile&quot;:{&quot;unit&quot;:&quot;px&quot;,&quot;size&quot;:&quot;&quot;,&quot;sizes&quot;:[]}}\" data-widget_type=\"posts.cards\">\n\t\t\t\t<div class=\"elementor-widget-container\">\n\t\t\t\t\t\t\t<div class=\"elementor-posts-container elementor-posts elementor-posts--skin-cards elementor-grid\" role=\"list\">\n\t\t\t\t<article class=\"elementor-post elementor-grid-item post-1301 post type-post status-publish format-standard has-post-thumbnail hentry category-produkts tag-agilent tag-hromatografija tag-jaunums tag-produkts\" role=\"listitem\">\n\t\t\t<div class=\"elementor-post__card\">\n\t\t\t\t<a class=\"elementor-post__thumbnail__link\" href=\"https:\/\/quantum.hitexis.com\/en\/infinity-iii-lc-serijas-skidruma-hromatografi-jaunums\/\" tabindex=\"-1\" target=\"_blank\"><div class=\"elementor-post__thumbnail\"><img fetchpriority=\"high\" decoding=\"async\" width=\"1600\" height=\"1600\" src=\"https:\/\/quantum.hitexis.com\/wp-content\/uploads\/2025\/11\/automated-hplc-system-analysis-assist-solvent-vial-reader-agilent-zoom.webp\" class=\"attachment-full size-full wp-image-1305\" alt=\"\" srcset=\"https:\/\/quantum.hitexis.com\/wp-content\/uploads\/2025\/11\/automated-hplc-system-analysis-assist-solvent-vial-reader-agilent-zoom.webp 1600w, https:\/\/quantum.hitexis.com\/wp-content\/uploads\/2025\/11\/automated-hplc-system-analysis-assist-solvent-vial-reader-agilent-zoom-300x300.webp 300w, https:\/\/quantum.hitexis.com\/wp-content\/uploads\/2025\/11\/automated-hplc-system-analysis-assist-solvent-vial-reader-agilent-zoom-1024x1024.webp 1024w, https:\/\/quantum.hitexis.com\/wp-content\/uploads\/2025\/11\/automated-hplc-system-analysis-assist-solvent-vial-reader-agilent-zoom-150x150.webp 150w, https:\/\/quantum.hitexis.com\/wp-content\/uploads\/2025\/11\/automated-hplc-system-analysis-assist-solvent-vial-reader-agilent-zoom-768x768.webp 768w, https:\/\/quantum.hitexis.com\/wp-content\/uploads\/2025\/11\/automated-hplc-system-analysis-assist-solvent-vial-reader-agilent-zoom-1536x1536.webp 1536w, https:\/\/quantum.hitexis.com\/wp-content\/uploads\/2025\/11\/automated-hplc-system-analysis-assist-solvent-vial-reader-agilent-zoom-600x600.webp 600w, https:\/\/quantum.hitexis.com\/wp-content\/uploads\/2025\/11\/automated-hplc-system-analysis-assist-solvent-vial-reader-agilent-zoom-100x100.webp 100w\" sizes=\"(max-width: 1600px) 100vw, 1600px\" \/><\/div><\/a>\n\t\t\t\t<div class=\"elementor-post__badge\">Product<\/div>\n\t\t\t\t<div class=\"elementor-post__text\">\n\t\t\t\t<h3 class=\"elementor-post__title\">\n\t\t\t<a href=\"https:\/\/quantum.hitexis.com\/en\/infinity-iii-lc-serijas-skidruma-hromatografi-jaunums\/\" target=\"&quot;_blank&quot;\">\n\t\t\t\tInfinity III LC Series Liquid Chromatographs \u2013 NEW!!!\t\t\t<\/a>\n\t\t<\/h3>\n\t\t\t\t<div class=\"elementor-post__excerpt\">\n\t\t\t<p>Agilent Infinity III HPLC and UHPLC systems provide scientists with advanced technology to stay connected to the system and automate daily HPLC routines. InfinityLab Assist simplifies daily HPLC tasks, reducing operator time<\/p>\n\t\t<\/div>\n\t\t\t\t\t<div class=\"elementor-post__read-more-wrapper\">\n\t\t\n\t\t<a class=\"elementor-post__read-more\" href=\"https:\/\/quantum.hitexis.com\/en\/infinity-iii-lc-serijas-skidruma-hromatografi-jaunums\/\" aria-label=\"Read more about Infinity III LC S\u0113rijas \u0161\u0137idruma hromatogr\u0101fi \u2013 JAUNUMS!!!\" tabindex=\"-1\" target=\"_blank\">\n\t\t\tRead more &gt;\t\t<\/a>\n\n\t\t\t\t\t<\/div>\n\t\t\t\t<\/div>\n\t\t\t\t\t<\/div>\n\t\t<\/article>\n\t\t\t\t<article class=\"elementor-post elementor-grid-item post-1307 post type-post status-publish format-standard has-post-thumbnail hentry category-produkts tag-agilent tag-jaunums tag-mikroplastika-analize tag-produkts\" role=\"listitem\">\n\t\t\t<div class=\"elementor-post__card\">\n\t\t\t\t<a class=\"elementor-post__thumbnail__link\" href=\"https:\/\/quantum.hitexis.com\/en\/agilent-8700-ldir-lazera-tiesa-infrasarkana-attelveidosana-atrai-automatizetai-mikroplastika-analizei\/\" tabindex=\"-1\" target=\"_blank\"><div class=\"elementor-post__thumbnail\"><img decoding=\"async\" width=\"1600\" height=\"1600\" src=\"https:\/\/quantum.hitexis.com\/wp-content\/uploads\/2024\/10\/8700-ldir-chemical-imaging-system-microplastics-monitor-agilent-zoom-1.webp\" class=\"attachment-full size-full wp-image-1309\" alt=\"\" srcset=\"https:\/\/quantum.hitexis.com\/wp-content\/uploads\/2024\/10\/8700-ldir-chemical-imaging-system-microplastics-monitor-agilent-zoom-1.webp 1600w, https:\/\/quantum.hitexis.com\/wp-content\/uploads\/2024\/10\/8700-ldir-chemical-imaging-system-microplastics-monitor-agilent-zoom-1-300x300.webp 300w, https:\/\/quantum.hitexis.com\/wp-content\/uploads\/2024\/10\/8700-ldir-chemical-imaging-system-microplastics-monitor-agilent-zoom-1-1024x1024.webp 1024w, https:\/\/quantum.hitexis.com\/wp-content\/uploads\/2024\/10\/8700-ldir-chemical-imaging-system-microplastics-monitor-agilent-zoom-1-150x150.webp 150w, https:\/\/quantum.hitexis.com\/wp-content\/uploads\/2024\/10\/8700-ldir-chemical-imaging-system-microplastics-monitor-agilent-zoom-1-768x768.webp 768w, https:\/\/quantum.hitexis.com\/wp-content\/uploads\/2024\/10\/8700-ldir-chemical-imaging-system-microplastics-monitor-agilent-zoom-1-1536x1536.webp 1536w, https:\/\/quantum.hitexis.com\/wp-content\/uploads\/2024\/10\/8700-ldir-chemical-imaging-system-microplastics-monitor-agilent-zoom-1-600x600.webp 600w, https:\/\/quantum.hitexis.com\/wp-content\/uploads\/2024\/10\/8700-ldir-chemical-imaging-system-microplastics-monitor-agilent-zoom-1-100x100.webp 100w\" sizes=\"(max-width: 1600px) 100vw, 1600px\" \/><\/div><\/a>\n\t\t\t\t<div class=\"elementor-post__badge\">Product<\/div>\n\t\t\t\t<div class=\"elementor-post__text\">\n\t\t\t\t<h3 class=\"elementor-post__title\">\n\t\t\t<a href=\"https:\/\/quantum.hitexis.com\/en\/agilent-8700-ldir-lazera-tiesa-infrasarkana-attelveidosana-atrai-automatizetai-mikroplastika-analizei\/\" target=\"&quot;_blank&quot;\">\n\t\t\t\tAgilent 8700 LDIR Laser Direct Infrared Imaging for Fast, Automated Microplastic Analysis\t\t\t<\/a>\n\t\t<\/h3>\n\t\t\t\t<div class=\"elementor-post__excerpt\">\n\t\t\t<p>Fully automated microplastic detection with the 8700 LDIR. Once the sample is loaded and the region of interest is defined, the analysis can proceed without user intervention - all results will be available immediately upon completion. For new<\/p>\n\t\t<\/div>\n\t\t\t\t\t<div class=\"elementor-post__read-more-wrapper\">\n\t\t\n\t\t<a class=\"elementor-post__read-more\" href=\"https:\/\/quantum.hitexis.com\/en\/agilent-8700-ldir-lazera-tiesa-infrasarkana-attelveidosana-atrai-automatizetai-mikroplastika-analizei\/\" aria-label=\"Read more about Agilent 8700 LDIR L\u0101zera tie\u0161\u0101 infrasarkan\u0101 att\u0113lveido\u0161ana \u0101trai, automatiz\u0113tai mikroplastika anal\u012bzei\" tabindex=\"-1\" target=\"_blank\">\n\t\t\tRead more &gt;\t\t<\/a>\n\n\t\t\t\t\t<\/div>\n\t\t\t\t<\/div>\n\t\t\t\t\t<\/div>\n\t\t<\/article>\n\t\t\t\t<article class=\"elementor-post elementor-grid-item post-1318 post type-post status-publish format-standard has-post-thumbnail hentry category-produkts tag-ika tag-jaunums tag-maisitajs tag-produkts\" role=\"listitem\">\n\t\t\t<div class=\"elementor-post__card\">\n\t\t\t\t<a class=\"elementor-post__thumbnail__link\" href=\"https:\/\/quantum.hitexis.com\/en\/ika-turbotron-rkg-00-bo-atex-maisitajs\/\" tabindex=\"-1\" target=\"_blank\"><div class=\"elementor-post__thumbnail\"><img decoding=\"async\" width=\"506\" height=\"700\" src=\"https:\/\/quantum.hitexis.com\/wp-content\/uploads\/2025\/11\/RKG-00-Bo_main_ds_025_a.jpg\" class=\"attachment-full size-full wp-image-1319\" alt=\"\" srcset=\"https:\/\/quantum.hitexis.com\/wp-content\/uploads\/2025\/11\/RKG-00-Bo_main_ds_025_a.jpg 506w, https:\/\/quantum.hitexis.com\/wp-content\/uploads\/2025\/11\/RKG-00-Bo_main_ds_025_a-217x300.jpg 217w\" sizes=\"(max-width: 506px) 100vw, 506px\" \/><\/div><\/a>\n\t\t\t\t<div class=\"elementor-post__badge\">Product<\/div>\n\t\t\t\t<div class=\"elementor-post__text\">\n\t\t\t\t<h3 class=\"elementor-post__title\">\n\t\t\t<a href=\"https:\/\/quantum.hitexis.com\/en\/ika-turbotron-rkg-00-bo-atex-maisitajs\/\" target=\"&quot;_blank&quot;\">\n\t\t\t\tIKA TURBOTRON\u00ae RKG-00-Bo ATEX mixer\t\t\t<\/a>\n\t\t<\/h3>\n\t\t\t\t<div class=\"elementor-post__excerpt\">\n\t\t\t<p>Easy-to-use, robust design for safe and trouble-free operation The IKA TURBOTRON\u00ae RKG-00-Bo ATEX is a powerful, explosion-proof, mechanically controlled mixer designed for laboratories, pilot plants and small-scale production. It is used in low-volume<\/p>\n\t\t<\/div>\n\t\t\t\t\t<div class=\"elementor-post__read-more-wrapper\">\n\t\t\n\t\t<a class=\"elementor-post__read-more\" href=\"https:\/\/quantum.hitexis.com\/en\/ika-turbotron-rkg-00-bo-atex-maisitajs\/\" aria-label=\"Read more about IKA TURBOTRON\u00ae RKG-00-Bo ATEX mais\u012bt\u0101js\" tabindex=\"-1\" target=\"_blank\">\n\t\t\tRead more &gt;\t\t<\/a>\n\n\t\t\t\t\t<\/div>\n\t\t\t\t<\/div>\n\t\t\t\t\t<\/div>\n\t\t<\/article>\n\t\t\t\t<\/div>\n\t\t\n\t\t\t\t\t\t<\/div>\n\t\t\t\t<\/div>\n\t\t\t\t\t<\/div>\n\t\t\t\t<\/div>\n\t\t\t\t<\/div>","protected":false},"excerpt":{"rendered":"<p>Jaunumi Quantum Latvija<\/p>","protected":false},"author":2,"featured_media":0,"parent":0,"menu_order":0,"comment_status":"closed","ping_status":"closed","template":"page-templates\/home.php","meta":{"footnotes":""},"class_list":["post-1271","page","type-page","status-publish","hentry"],"_hostinger_reach_plugin_has_subscription_block":false,"_hostinger_reach_plugin_is_elementor":false,"_links":{"self":[{"href":"https:\/\/quantum.hitexis.com\/en\/wp-json\/wp\/v2\/pages\/1271","targetHints":{"allow":["GET"]}}],"collection":[{"href":"https:\/\/quantum.hitexis.com\/en\/wp-json\/wp\/v2\/pages"}],"about":[{"href":"https:\/\/quantum.hitexis.com\/en\/wp-json\/wp\/v2\/types\/page"}],"author":[{"embeddable":true,"href":"https:\/\/quantum.hitexis.com\/en\/wp-json\/wp\/v2\/users\/2"}],"replies":[{"embeddable":true,"href":"https:\/\/quantum.hitexis.com\/en\/wp-json\/wp\/v2\/comments?post=1271"}],"version-history":[{"count":51,"href":"https:\/\/quantum.hitexis.com\/en\/wp-json\/wp\/v2\/pages\/1271\/revisions"}],"predecessor-version":[{"id":1894,"href":"https:\/\/quantum.hitexis.com\/en\/wp-json\/wp\/v2\/pages\/1271\/revisions\/1894"}],"wp:attachment":[{"href":"https:\/\/quantum.hitexis.com\/en\/wp-json\/wp\/v2\/media?parent=1271"}],"curies":[{"name":"wp","href":"https:\/\/api.w.org\/{rel}","templated":true}]}}